{"id":409,"date":"2020-04-07T08:59:19","date_gmt":"2020-04-07T06:59:19","guid":{"rendered":"https:\/\/vitrolins.com\/?page_id=409"},"modified":"2020-04-27T11:17:25","modified_gmt":"2020-04-27T09:17:25","slug":"pfosten-riegel-fassaden","status":"publish","type":"page","link":"https:\/\/vitrolins.com\/de\/pfosten-riegel-fassaden\/","title":{"rendered":"PFOSTEN-RIEGEL-FASSADEN"},"content":{"rendered":"<p>[et_pb_section fb_built=&#8220;1&#8243; next_background_color=&#8220;#ffffff&#8220; _builder_version=&#8220;4.4.2&#8243; use_background_color_gradient=&#8220;on&#8220; background_color_gradient_start=&#8220;rgba(0,153,153,0.64)&#8220; background_color_gradient_end=&#8220;rgba(0,153,153,0.64)&#8220; background_color_gradient_overlays_image=&#8220;on&#8220; background_image=&#8220;https:\/\/vitrolins.com\/wp-content\/uploads\/2020\/02\/1.jpg&#8220; custom_padding=&#8220;84px||85px|||&#8220; bottom_divider_style=&#8220;arrow2&#8243; hover_enabled=&#8220;0&#8243; null=&#8220;rgba(4,120,11,0.37)&#8220;][et_pb_row _builder_version=&#8220;4.3.2&#8243;][et_pb_column type=&#8220;4_4&#8243; _builder_version=&#8220;4.3.2&#8243;][et_pb_post_title meta=&#8220;off&#8220; featured_image=&#8220;off&#8220; text_color=&#8220;light&#8220; _builder_version=&#8220;4.3.2&#8243; title_font_size=&#8220;62px&#8220; text_orientation=&#8220;center&#8220; title_font_size_tablet=&#8220;50px&#8220; title_font_size_phone=&#8220;25px&#8220; title_font_size_last_edited=&#8220;on|desktop&#8220;][\/et_pb_post_title][\/et_pb_column][\/et_pb_row][\/et_pb_section][et_pb_section fb_built=&#8220;1&#8243; _builder_version=&#8220;4.3.2&#8243;][et_pb_row use_custom_gutter=&#8220;on&#8220; gutter_width=&#8220;2&#8243; _builder_version=&#8220;4.3.2&#8243;][et_pb_column type=&#8220;4_4&#8243; _builder_version=&#8220;4.3.2&#8243;][et_pb_text _builder_version=&#8220;4.4.2&#8243;]<\/p>\n<p>\u200b\u200bPfosten-Riegel-Fassade ist die moderne und praktische Form der Fassade von \u00f6ffentlichen und Wohngeb\u00e4uden. Einer der wichtigsten Vorteile ist gro\u00dfe Profilvielfalt.<\/p>\n<p>Zu der attraktiven Erg\u00e4nzung dieser Fassade geh\u00f6ren die \u00d6ffnungselemente, auf Kundenwunsch auch voll automatisiert. Au\u00dferdem umfasst unser Angebot einfache Erweiterung mit zus\u00e4tzlichen Funktionen wie Brandschutz oder W\u00e4rmed\u00e4mmung.<\/p>\n<p>Eine filigrane Ansicht der Fassade erzielt diese Konstruktion mit schlanken Ansichtsbreiten.<\/p>\n<p>[\/et_pb_text][\/et_pb_column][\/et_pb_row][\/et_pb_section][et_pb_section fb_built=&#8220;1&#8243; prev_background_color=&#8220;#ffffff&#8220; _builder_version=&#8220;4.3.2&#8243; use_background_color_gradient=&#8220;on&#8220; background_color_gradient_start=&#8220;rgba(10,1,1,0.53)&#8220; background_color_gradient_end=&#8220;rgba(10,1,1,0.53)&#8220; background_color_gradient_overlays_image=&#8220;on&#8220; background_image=&#8220;https:\/\/vitrolins.com\/wp-content\/uploads\/2020\/02\/dol-www.jpg&#8220; custom_padding=&#8220;127px||120px|||&#8220; top_divider_style=&#8220;arrow2&#8243; top_divider_repeat=&#8220;0x&#8220; top_divider_flip=&#8220;vertical&#8220; global_module=&#8220;433&#8243; saved_tabs=&#8220;all&#8220;][et_pb_row _builder_version=&#8220;4.3.2&#8243;][et_pb_column type=&#8220;4_4&#8243; _builder_version=&#8220;4.3.2&#8243;][et_pb_text _builder_version=&#8220;4.4.2&#8243; text_orientation=&#8220;center&#8220; background_layout=&#8220;dark&#8220;]<\/p>\n<h3>Haben Sie fragen?\u00a0Wir beraten Sie gerne.<\/h3>\n<p><span>Rufen Sie uns an unter +48 537 170 155 oder schreiben Sie uns eine E-Mail an: <a href=\"mailto:biuro@vitrolins.com\">biuro@vitrolins.com<\/a><\/span><\/p>\n<p>[\/et_pb_text][et_pb_button button_url=&#8220;https:\/\/vitrolins.com\/de\/kontakt\/&#8220; button_text=&#8220;Kontakt&#8220; button_alignment=&#8220;center&#8220; _builder_version=&#8220;4.4.2&#8243;][\/et_pb_button][\/et_pb_column][\/et_pb_row][\/et_pb_section]<\/p>\n","protected":false},"excerpt":{"rendered":"<p>\u200b\u200bPfosten-Riegel-Fassade ist die moderne und praktische Form der Fassade von \u00f6ffentlichen und Wohngeb\u00e4uden. Einer der wichtigsten Vorteile ist gro\u00dfe Profilvielfalt. Zu der attraktiven Erg\u00e4nzung dieser Fassade geh\u00f6ren die \u00d6ffnungselemente, auf Kundenwunsch auch voll automatisiert. Au\u00dferdem umfasst unser Angebot einfache Erweiterung mit zus\u00e4tzlichen Funktionen wie Brandschutz oder W\u00e4rmed\u00e4mmung. Eine filigrane Ansicht der Fassade erzielt diese Konstruktion [&hellip;]<\/p>\n","protected":false},"author":1,"featured_media":0,"parent":0,"menu_order":0,"comment_status":"closed","ping_status":"closed","template":"","meta":{"_et_pb_use_builder":"on","_et_pb_old_content":"<p>[et_pb_section fb_built=\"1\" next_background_color=\"#ffffff\" _builder_version=\"4.3.2\" use_background_color_gradient=\"on\" background_color_gradient_start=\"rgba(4,120,11,0.37)\" background_color_gradient_end=\"rgba(4,120,11,0.37)\" background_color_gradient_overlays_image=\"on\" background_image=\"https:\/\/vitrolins.com\/wp-content\/uploads\/2020\/02\/1.jpg\" custom_padding=\"84px||85px|||\" bottom_divider_style=\"arrow2\" global_module=\"149\"][et_pb_row _builder_version=\"4.3.2\"][et_pb_column type=\"4_4\" _builder_version=\"4.3.2\"][et_pb_post_title meta=\"off\" featured_image=\"off\" text_color=\"light\" _builder_version=\"4.3.2\" title_font_size=\"62px\" text_orientation=\"center\" title_font_size_tablet=\"50px\" title_font_size_phone=\"25px\" title_font_size_last_edited=\"on|desktop\"][\/et_pb_post_title][\/et_pb_column][\/et_pb_row][\/et_pb_section][et_pb_section fb_built=\"1\" _builder_version=\"4.3.2\"][et_pb_row use_custom_gutter=\"on\" gutter_width=\"2\" _builder_version=\"4.3.2\"][et_pb_column type=\"4_4\" _builder_version=\"4.3.2\"][et_pb_text _builder_version=\"4.3.2\"]<\/p><p>Fasada s\u0142upowo-ryglowa to nowoczesna i praktyczna forma elewacji budynk\u00f3w u\u017cyteczno\u015bci publicznej i budynk\u00f3w mieszkalnych. Jedn\u0105 z jej najwa\u017cniejszych zalet jest du\u017cy wyb\u00f3r profili, kt\u00f3re zapewniaj\u0105 trwa\u0142o\u015b\u0107 ca\u0142ej konstrukcji.<\/p><p><span style=\"font-size: 15px;\">Uzupe\u0142nienie fasady s\u0142upowo-ryglowej mog\u0105 stanowi\u0107 elementy otwierane, na \u017cyczenie klienta\u00a0 tak\u017ce w pe\u0142ni zautomatyzowane. Ponadto oferta firmy VITRO INS Sp. z o.o. obejmuje dodatkowe funkcje takie jak np. ochrona przeciwpo\u017carowa czy izolacja termiczna.<\/span><\/p><p>\u00a0<span style=\"font-size: 15px;\">W\u0105skie linie podzia\u0142u zapewniaj\u0105 delikatn\u0105 optyk\u0119.<\/span><\/p><p>[\/et_pb_text][\/et_pb_column][\/et_pb_row][\/et_pb_section][et_pb_section fb_built=\"1\" prev_background_color=\"#ffffff\" _builder_version=\"4.3.2\" use_background_color_gradient=\"on\" background_color_gradient_start=\"rgba(10,1,1,0.53)\" background_color_gradient_end=\"rgba(10,1,1,0.53)\" background_color_gradient_overlays_image=\"on\" background_image=\"https:\/\/vitrolins.com\/wp-content\/uploads\/2020\/02\/dol-www.jpg\" custom_padding=\"127px||120px|||\" top_divider_style=\"arrow2\" top_divider_repeat=\"0x\" top_divider_flip=\"vertical\" global_module=\"145\" saved_tabs=\"all\"][et_pb_row _builder_version=\"4.3.2\"][et_pb_column type=\"4_4\" _builder_version=\"4.3.2\"][et_pb_text _builder_version=\"4.3.2\" text_orientation=\"center\" background_layout=\"dark\"]<\/p><h3>Zapraszamy do kontaktu<\/h3><p>Nasz zesp\u00f3\u0142 s\u0142u\u017cy Pa\u0144stwu pomoc\u0105.\u00a0W przypadku pyta\u0144 serdecznie zapraszamy do kontaktu telefonicznego oraz e-mailowego.<\/p><p>[\/et_pb_text][et_pb_button button_url=\"https:\/\/vitrolins.com\/kontakt\/\" button_text=\"Dane kontaktowe\" button_alignment=\"center\" _builder_version=\"4.3.2\"][\/et_pb_button][\/et_pb_column][\/et_pb_row][\/et_pb_section]<\/p>","_et_gb_content_width":"","footnotes":""},"class_list":["post-409","page","type-page","status-publish","hentry"],"yoast_head":"<!-- This site is optimized with the Yoast SEO plugin v24.9 - https:\/\/yoast.com\/wordpress\/plugins\/seo\/ -->\n<title>PFOSTEN-RIEGEL-FASSADEN - VITRO INS - FASSADENSYSTEME, GLASD\u00c4CHER, GLASW\u00c4NDE<\/title>\n<meta name=\"robots\" content=\"index, follow, max-snippet:-1, max-image-preview:large, max-video-preview:-1\" \/>\n<link rel=\"canonical\" href=\"https:\/\/vitrolins.com\/de\/pfosten-riegel-fassaden\/\" \/>\n<meta property=\"og:locale\" content=\"de_DE\" \/>\n<meta property=\"og:type\" content=\"article\" \/>\n<meta property=\"og:title\" content=\"PFOSTEN-RIEGEL-FASSADEN - VITRO INS - FASSADENSYSTEME, GLASD\u00c4CHER, GLASW\u00c4NDE\" \/>\n<meta property=\"og:description\" content=\"\u200b\u200bPfosten-Riegel-Fassade ist die moderne und praktische Form der Fassade von \u00f6ffentlichen und Wohngeb\u00e4uden. Einer der wichtigsten Vorteile ist gro\u00dfe Profilvielfalt. Zu der attraktiven Erg\u00e4nzung dieser Fassade geh\u00f6ren die \u00d6ffnungselemente, auf Kundenwunsch auch voll automatisiert. Au\u00dferdem umfasst unser Angebot einfache Erweiterung mit zus\u00e4tzlichen Funktionen wie Brandschutz oder W\u00e4rmed\u00e4mmung. Eine filigrane Ansicht der Fassade erzielt diese Konstruktion [&hellip;]\" \/>\n<meta property=\"og:url\" content=\"https:\/\/vitrolins.com\/de\/pfosten-riegel-fassaden\/\" \/>\n<meta property=\"og:site_name\" content=\"VITRO INS - FASSADENSYSTEME, GLASD\u00c4CHER, GLASW\u00c4NDE\" \/>\n<meta property=\"article:modified_time\" content=\"2020-04-27T09:17:25+00:00\" \/>\n<meta name=\"twitter:card\" content=\"summary_large_image\" \/>\n<meta name=\"twitter:label1\" content=\"Gesch\u00e4tzte Lesezeit\" \/>\n\t<meta name=\"twitter:data1\" content=\"2\u00a0Minuten\" \/>\n<script type=\"application\/ld+json\" class=\"yoast-schema-graph\">{\"@context\":\"https:\/\/schema.org\",\"@graph\":[{\"@type\":\"WebPage\",\"@id\":\"https:\/\/vitrolins.com\/de\/pfosten-riegel-fassaden\/\",\"url\":\"https:\/\/vitrolins.com\/de\/pfosten-riegel-fassaden\/\",\"name\":\"PFOSTEN-RIEGEL-FASSADEN - VITRO INS - FASSADENSYSTEME, GLASD\u00c4CHER, GLASW\u00c4NDE\",\"isPartOf\":{\"@id\":\"https:\/\/vitrolins.com\/#website\"},\"datePublished\":\"2020-04-07T06:59:19+00:00\",\"dateModified\":\"2020-04-27T09:17:25+00:00\",\"breadcrumb\":{\"@id\":\"https:\/\/vitrolins.com\/de\/pfosten-riegel-fassaden\/#breadcrumb\"},\"inLanguage\":\"de\",\"potentialAction\":[{\"@type\":\"ReadAction\",\"target\":[\"https:\/\/vitrolins.com\/de\/pfosten-riegel-fassaden\/\"]}]},{\"@type\":\"BreadcrumbList\",\"@id\":\"https:\/\/vitrolins.com\/de\/pfosten-riegel-fassaden\/#breadcrumb\",\"itemListElement\":[{\"@type\":\"ListItem\",\"position\":1,\"name\":\"Strona g\u0142\u00f3wna\",\"item\":\"https:\/\/vitrolins.com\/de\/\"},{\"@type\":\"ListItem\",\"position\":2,\"name\":\"PFOSTEN-RIEGEL-FASSADEN\"}]},{\"@type\":\"WebSite\",\"@id\":\"https:\/\/vitrolins.com\/#website\",\"url\":\"https:\/\/vitrolins.com\/\",\"name\":\"VITRO INS - FASSADENSYSTEME, GLASD\u00c4CHER, GLASW\u00c4NDE\",\"description\":\"\",\"potentialAction\":[{\"@type\":\"SearchAction\",\"target\":{\"@type\":\"EntryPoint\",\"urlTemplate\":\"https:\/\/vitrolins.com\/?s={search_term_string}\"},\"query-input\":{\"@type\":\"PropertyValueSpecification\",\"valueRequired\":true,\"valueName\":\"search_term_string\"}}],\"inLanguage\":\"de\"}]}<\/script>\n<!-- \/ Yoast SEO plugin. -->","yoast_head_json":{"title":"PFOSTEN-RIEGEL-FASSADEN - VITRO INS - FASSADENSYSTEME, GLASD\u00c4CHER, GLASW\u00c4NDE","robots":{"index":"index","follow":"follow","max-snippet":"max-snippet:-1","max-image-preview":"max-image-preview:large","max-video-preview":"max-video-preview:-1"},"canonical":"https:\/\/vitrolins.com\/de\/pfosten-riegel-fassaden\/","og_locale":"de_DE","og_type":"article","og_title":"PFOSTEN-RIEGEL-FASSADEN - VITRO INS - FASSADENSYSTEME, GLASD\u00c4CHER, GLASW\u00c4NDE","og_description":"\u200b\u200bPfosten-Riegel-Fassade ist die moderne und praktische Form der Fassade von \u00f6ffentlichen und Wohngeb\u00e4uden. Einer der wichtigsten Vorteile ist gro\u00dfe Profilvielfalt. Zu der attraktiven Erg\u00e4nzung dieser Fassade geh\u00f6ren die \u00d6ffnungselemente, auf Kundenwunsch auch voll automatisiert. Au\u00dferdem umfasst unser Angebot einfache Erweiterung mit zus\u00e4tzlichen Funktionen wie Brandschutz oder W\u00e4rmed\u00e4mmung. Eine filigrane Ansicht der Fassade erzielt diese Konstruktion [&hellip;]","og_url":"https:\/\/vitrolins.com\/de\/pfosten-riegel-fassaden\/","og_site_name":"VITRO INS - FASSADENSYSTEME, GLASD\u00c4CHER, GLASW\u00c4NDE","article_modified_time":"2020-04-27T09:17:25+00:00","twitter_card":"summary_large_image","twitter_misc":{"Gesch\u00e4tzte Lesezeit":"2\u00a0Minuten"},"schema":{"@context":"https:\/\/schema.org","@graph":[{"@type":"WebPage","@id":"https:\/\/vitrolins.com\/de\/pfosten-riegel-fassaden\/","url":"https:\/\/vitrolins.com\/de\/pfosten-riegel-fassaden\/","name":"PFOSTEN-RIEGEL-FASSADEN - VITRO INS - FASSADENSYSTEME, GLASD\u00c4CHER, GLASW\u00c4NDE","isPartOf":{"@id":"https:\/\/vitrolins.com\/#website"},"datePublished":"2020-04-07T06:59:19+00:00","dateModified":"2020-04-27T09:17:25+00:00","breadcrumb":{"@id":"https:\/\/vitrolins.com\/de\/pfosten-riegel-fassaden\/#breadcrumb"},"inLanguage":"de","potentialAction":[{"@type":"ReadAction","target":["https:\/\/vitrolins.com\/de\/pfosten-riegel-fassaden\/"]}]},{"@type":"BreadcrumbList","@id":"https:\/\/vitrolins.com\/de\/pfosten-riegel-fassaden\/#breadcrumb","itemListElement":[{"@type":"ListItem","position":1,"name":"Strona g\u0142\u00f3wna","item":"https:\/\/vitrolins.com\/de\/"},{"@type":"ListItem","position":2,"name":"PFOSTEN-RIEGEL-FASSADEN"}]},{"@type":"WebSite","@id":"https:\/\/vitrolins.com\/#website","url":"https:\/\/vitrolins.com\/","name":"VITRO INS - FASSADENSYSTEME, GLASD\u00c4CHER, GLASW\u00c4NDE","description":"","potentialAction":[{"@type":"SearchAction","target":{"@type":"EntryPoint","urlTemplate":"https:\/\/vitrolins.com\/?s={search_term_string}"},"query-input":{"@type":"PropertyValueSpecification","valueRequired":true,"valueName":"search_term_string"}}],"inLanguage":"de"}]}},"_links":{"self":[{"href":"https:\/\/vitrolins.com\/de\/wp-json\/wp\/v2\/pages\/409","targetHints":{"allow":["GET"]}}],"collection":[{"href":"https:\/\/vitrolins.com\/de\/wp-json\/wp\/v2\/pages"}],"about":[{"href":"https:\/\/vitrolins.com\/de\/wp-json\/wp\/v2\/types\/page"}],"author":[{"embeddable":true,"href":"https:\/\/vitrolins.com\/de\/wp-json\/wp\/v2\/users\/1"}],"replies":[{"embeddable":true,"href":"https:\/\/vitrolins.com\/de\/wp-json\/wp\/v2\/comments?post=409"}],"version-history":[{"count":4,"href":"https:\/\/vitrolins.com\/de\/wp-json\/wp\/v2\/pages\/409\/revisions"}],"predecessor-version":[{"id":630,"href":"https:\/\/vitrolins.com\/de\/wp-json\/wp\/v2\/pages\/409\/revisions\/630"}],"wp:attachment":[{"href":"https:\/\/vitrolins.com\/de\/wp-json\/wp\/v2\/media?parent=409"}],"curies":[{"name":"wp","href":"https:\/\/api.w.org\/{rel}","templated":true}]}}