{"id":415,"date":"2020-04-07T08:38:43","date_gmt":"2020-04-07T06:38:43","guid":{"rendered":"https:\/\/vitrolins.com\/?page_id=415"},"modified":"2020-04-27T11:16:53","modified_gmt":"2020-04-27T09:16:53","slug":"glaswaende","status":"publish","type":"page","link":"https:\/\/vitrolins.com\/de\/glaswaende\/","title":{"rendered":"GLASW\u00c4NDE"},"content":{"rendered":"<p>[et_pb_section fb_built=&#8220;1&#8243; next_background_color=&#8220;#ffffff&#8220; _builder_version=&#8220;4.4.2&#8243; use_background_color_gradient=&#8220;on&#8220; background_color_gradient_start=&#8220;rgba(0,153,153,0.64)&#8220; background_color_gradient_end=&#8220;rgba(0,153,153,0.64)&#8220; background_color_gradient_overlays_image=&#8220;on&#8220; background_image=&#8220;https:\/\/vitrolins.com\/wp-content\/uploads\/2020\/02\/1.jpg&#8220; custom_padding=&#8220;84px||85px|||&#8220; bottom_divider_style=&#8220;arrow2&#8243; hover_enabled=&#8220;0&#8243; null=&#8220;rgba(4,120,11,0.37)&#8220;][et_pb_row _builder_version=&#8220;4.3.2&#8243;][et_pb_column type=&#8220;4_4&#8243; _builder_version=&#8220;4.3.2&#8243;][et_pb_post_title meta=&#8220;off&#8220; featured_image=&#8220;off&#8220; text_color=&#8220;light&#8220; _builder_version=&#8220;4.3.2&#8243; title_font_size=&#8220;62px&#8220; text_orientation=&#8220;center&#8220; title_font_size_tablet=&#8220;50px&#8220; title_font_size_phone=&#8220;25px&#8220; title_font_size_last_edited=&#8220;on|desktop&#8220;][\/et_pb_post_title][\/et_pb_column][\/et_pb_row][\/et_pb_section][et_pb_section fb_built=&#8220;1&#8243; _builder_version=&#8220;4.3.2&#8243;][et_pb_row column_structure=&#8220;3_5,2_5&#8243; use_custom_gutter=&#8220;on&#8220; gutter_width=&#8220;2&#8243; _builder_version=&#8220;4.3.2&#8243;][et_pb_column type=&#8220;3_5&#8243; _builder_version=&#8220;4.3.2&#8243;][et_pb_text _builder_version=&#8220;4.4.2&#8243;]<\/p>\n<p>Wir fertigen Glasw\u00e4nde in allen Formen und Gr\u00f6\u00dfen f\u00fcr Sie an. Gro\u00dfe moderne Glasfl\u00e4chen innerhalb eines Gab\u00e4udes bieten den Benutzern nat\u00fcrliches Licht, angenehme Atmosph\u00e4re und Komfort.<\/p>\n<p>Glasw\u00e4nde schaffen die n\u00f6tige Distanz in den Privat- oder B\u00fcror\u00e4umen, ohne die Gr\u00f6\u00dfe eines Raumes zu beeintr\u00e4chtigen. Transparente und feste Glastrennw\u00e4nde separieren einzelne Bereiche r\u00e4umlich und verleihen jedem Raum Prestige. Au\u00dferdem wird ein modernes und offenes Arbeitsklima geschaffen.<\/p>\n<p>[\/et_pb_text][\/et_pb_column][et_pb_column type=&#8220;2_5&#8243; _builder_version=&#8220;4.3.2&#8243;][et_pb_image src=&#8220;https:\/\/vitrolins.com\/wp-content\/uploads\/2020\/03\/witryny-szklane.jpg&#8220; _builder_version=&#8220;4.3.2&#8243;][\/et_pb_image][\/et_pb_column][\/et_pb_row][\/et_pb_section][et_pb_section fb_built=&#8220;1&#8243; prev_background_color=&#8220;#ffffff&#8220; _builder_version=&#8220;4.3.2&#8243; use_background_color_gradient=&#8220;on&#8220; background_color_gradient_start=&#8220;rgba(10,1,1,0.53)&#8220; background_color_gradient_end=&#8220;rgba(10,1,1,0.53)&#8220; background_color_gradient_overlays_image=&#8220;on&#8220; background_image=&#8220;https:\/\/vitrolins.com\/wp-content\/uploads\/2020\/02\/dol-www.jpg&#8220; custom_padding=&#8220;127px||120px|||&#8220; top_divider_style=&#8220;arrow2&#8243; top_divider_repeat=&#8220;0x&#8220; top_divider_flip=&#8220;vertical&#8220; global_module=&#8220;433&#8243; saved_tabs=&#8220;all&#8220;][et_pb_row _builder_version=&#8220;4.3.2&#8243;][et_pb_column type=&#8220;4_4&#8243; _builder_version=&#8220;4.3.2&#8243;][et_pb_text _builder_version=&#8220;4.4.2&#8243; text_orientation=&#8220;center&#8220; background_layout=&#8220;dark&#8220;]<\/p>\n<h3>Haben Sie fragen?\u00a0Wir beraten Sie gerne.<\/h3>\n<p><span>Rufen Sie uns an unter +48 537 170 155 oder schreiben Sie uns eine E-Mail an: <a href=\"mailto:biuro@vitrolins.com\">biuro@vitrolins.com<\/a><\/span><\/p>\n<p>[\/et_pb_text][et_pb_button button_url=&#8220;https:\/\/vitrolins.com\/de\/kontakt\/&#8220; button_text=&#8220;Kontakt&#8220; button_alignment=&#8220;center&#8220; _builder_version=&#8220;4.4.2&#8243;][\/et_pb_button][\/et_pb_column][\/et_pb_row][\/et_pb_section]<\/p>\n","protected":false},"excerpt":{"rendered":"<p>Wir fertigen Glasw\u00e4nde in allen Formen und Gr\u00f6\u00dfen f\u00fcr Sie an. Gro\u00dfe moderne Glasfl\u00e4chen innerhalb eines Gab\u00e4udes bieten den Benutzern nat\u00fcrliches Licht, angenehme Atmosph\u00e4re und Komfort. Glasw\u00e4nde schaffen die n\u00f6tige Distanz in den Privat- oder B\u00fcror\u00e4umen, ohne die Gr\u00f6\u00dfe eines Raumes zu beeintr\u00e4chtigen. Transparente und feste Glastrennw\u00e4nde separieren einzelne Bereiche r\u00e4umlich und verleihen jedem Raum [&hellip;]<\/p>\n","protected":false},"author":1,"featured_media":0,"parent":0,"menu_order":0,"comment_status":"closed","ping_status":"closed","template":"","meta":{"_et_pb_use_builder":"on","_et_pb_old_content":"<p>[et_pb_section fb_built=\"1\" next_background_color=\"#ffffff\" _builder_version=\"4.3.2\" use_background_color_gradient=\"on\" background_color_gradient_start=\"rgba(4,120,11,0.37)\" background_color_gradient_end=\"rgba(4,120,11,0.37)\" background_color_gradient_overlays_image=\"on\" background_image=\"https:\/\/vitrolins.com\/wp-content\/uploads\/2020\/02\/1.jpg\" custom_padding=\"84px||85px|||\" bottom_divider_style=\"arrow2\" global_module=\"149\"][et_pb_row _builder_version=\"4.3.2\"][et_pb_column type=\"4_4\" _builder_version=\"4.3.2\"][et_pb_post_title meta=\"off\" featured_image=\"off\" text_color=\"light\" _builder_version=\"4.3.2\" title_font_size=\"62px\" text_orientation=\"center\" title_font_size_tablet=\"50px\" title_font_size_phone=\"25px\" title_font_size_last_edited=\"on|desktop\"][\/et_pb_post_title][\/et_pb_column][\/et_pb_row][\/et_pb_section][et_pb_section fb_built=\"1\" _builder_version=\"4.3.2\"][et_pb_row column_structure=\"3_5,2_5\" use_custom_gutter=\"on\" gutter_width=\"2\" _builder_version=\"4.3.2\"][et_pb_column type=\"3_5\" _builder_version=\"4.3.2\"][et_pb_text _builder_version=\"4.3.2\"]<\/p><p>Wykonamy dla Pa\u0144stwa witryny ze szk\u0142a w ka\u017cdej formie i w ka\u017cdym rozmiarze. Nowoczesne przeszklenia wewn\u0105trz budynk\u00f3w zapewniaj\u0105 u\u017cytkownikom naturalne o\u015bwietlenie, przyjemn\u0105 atmosfer\u0119 i komfort.<\/p><p>\u015aciany ze szk\u0142a tworz\u0105 niezb\u0119dny dystans w prywatnej lub biurowej przestrzeni, bez ograniczania wielko\u015bci pomieszczenia. Lekkie i solidne witryny ze szk\u0142a \u0142atwo podziel\u0105 powierzchnie i dodadz\u0105 presti\u017cu ka\u017cdemu wn\u0119trzu. Ponadto u\u0142atwi\u0105 stworzenie nowoczesnej i otwartej atmosfery pracy.<\/p><p>[\/et_pb_text][\/et_pb_column][et_pb_column type=\"2_5\" _builder_version=\"4.3.2\"][et_pb_image src=\"https:\/\/vitrolins.com\/wp-content\/uploads\/2020\/03\/witryny-szklane.jpg\" _builder_version=\"4.3.2\" hover_enabled=\"0\"][\/et_pb_image][\/et_pb_column][\/et_pb_row][\/et_pb_section][et_pb_section fb_built=\"1\" prev_background_color=\"#ffffff\" _builder_version=\"4.3.2\" use_background_color_gradient=\"on\" background_color_gradient_start=\"rgba(10,1,1,0.53)\" background_color_gradient_end=\"rgba(10,1,1,0.53)\" background_color_gradient_overlays_image=\"on\" background_image=\"https:\/\/vitrolins.com\/wp-content\/uploads\/2020\/02\/dol-www.jpg\" custom_padding=\"127px||120px|||\" top_divider_style=\"arrow2\" top_divider_repeat=\"0x\" top_divider_flip=\"vertical\" global_module=\"145\" saved_tabs=\"all\"][et_pb_row _builder_version=\"4.3.2\"][et_pb_column type=\"4_4\" _builder_version=\"4.3.2\"][et_pb_text _builder_version=\"4.3.2\" text_orientation=\"center\" background_layout=\"dark\"]<\/p><h3>Zapraszamy do kontaktu<\/h3><p>Nasz zesp\u00f3\u0142 s\u0142u\u017cy Pa\u0144stwu pomoc\u0105.\u00a0W przypadku pyta\u0144 serdecznie zapraszamy do kontaktu telefonicznego oraz e-mailowego.<\/p><p>[\/et_pb_text][et_pb_button button_url=\"https:\/\/vitrolins.com\/kontakt\/\" button_text=\"Dane kontaktowe\" button_alignment=\"center\" _builder_version=\"4.3.2\"][\/et_pb_button][\/et_pb_column][\/et_pb_row][\/et_pb_section]<\/p>","_et_gb_content_width":"","footnotes":""},"class_list":["post-415","page","type-page","status-publish","hentry"],"yoast_head":"<!-- This site is optimized with the Yoast SEO plugin v24.9 - https:\/\/yoast.com\/wordpress\/plugins\/seo\/ -->\n<title>GLASW\u00c4NDE - VITRO INS - FASSADENSYSTEME, GLASD\u00c4CHER, GLASW\u00c4NDE<\/title>\n<meta name=\"robots\" content=\"index, follow, max-snippet:-1, max-image-preview:large, max-video-preview:-1\" \/>\n<link rel=\"canonical\" href=\"https:\/\/vitrolins.com\/de\/glaswaende\/\" \/>\n<meta property=\"og:locale\" content=\"de_DE\" \/>\n<meta property=\"og:type\" content=\"article\" \/>\n<meta property=\"og:title\" content=\"GLASW\u00c4NDE - VITRO INS - FASSADENSYSTEME, GLASD\u00c4CHER, GLASW\u00c4NDE\" \/>\n<meta property=\"og:description\" content=\"Wir fertigen Glasw\u00e4nde in allen Formen und Gr\u00f6\u00dfen f\u00fcr Sie an. Gro\u00dfe moderne Glasfl\u00e4chen innerhalb eines Gab\u00e4udes bieten den Benutzern nat\u00fcrliches Licht, angenehme Atmosph\u00e4re und Komfort. Glasw\u00e4nde schaffen die n\u00f6tige Distanz in den Privat- oder B\u00fcror\u00e4umen, ohne die Gr\u00f6\u00dfe eines Raumes zu beeintr\u00e4chtigen. Transparente und feste Glastrennw\u00e4nde separieren einzelne Bereiche r\u00e4umlich und verleihen jedem Raum [&hellip;]\" \/>\n<meta property=\"og:url\" content=\"https:\/\/vitrolins.com\/de\/glaswaende\/\" \/>\n<meta property=\"og:site_name\" content=\"VITRO INS - FASSADENSYSTEME, GLASD\u00c4CHER, GLASW\u00c4NDE\" \/>\n<meta property=\"article:modified_time\" content=\"2020-04-27T09:16:53+00:00\" \/>\n<meta name=\"twitter:card\" content=\"summary_large_image\" \/>\n<meta name=\"twitter:label1\" content=\"Gesch\u00e4tzte Lesezeit\" \/>\n\t<meta name=\"twitter:data1\" content=\"2\u00a0Minuten\" \/>\n<script type=\"application\/ld+json\" class=\"yoast-schema-graph\">{\"@context\":\"https:\/\/schema.org\",\"@graph\":[{\"@type\":\"WebPage\",\"@id\":\"https:\/\/vitrolins.com\/de\/glaswaende\/\",\"url\":\"https:\/\/vitrolins.com\/de\/glaswaende\/\",\"name\":\"GLASW\u00c4NDE - VITRO INS - FASSADENSYSTEME, GLASD\u00c4CHER, GLASW\u00c4NDE\",\"isPartOf\":{\"@id\":\"https:\/\/vitrolins.com\/#website\"},\"datePublished\":\"2020-04-07T06:38:43+00:00\",\"dateModified\":\"2020-04-27T09:16:53+00:00\",\"breadcrumb\":{\"@id\":\"https:\/\/vitrolins.com\/de\/glaswaende\/#breadcrumb\"},\"inLanguage\":\"de\",\"potentialAction\":[{\"@type\":\"ReadAction\",\"target\":[\"https:\/\/vitrolins.com\/de\/glaswaende\/\"]}]},{\"@type\":\"BreadcrumbList\",\"@id\":\"https:\/\/vitrolins.com\/de\/glaswaende\/#breadcrumb\",\"itemListElement\":[{\"@type\":\"ListItem\",\"position\":1,\"name\":\"Strona g\u0142\u00f3wna\",\"item\":\"https:\/\/vitrolins.com\/de\/\"},{\"@type\":\"ListItem\",\"position\":2,\"name\":\"GLASW\u00c4NDE\"}]},{\"@type\":\"WebSite\",\"@id\":\"https:\/\/vitrolins.com\/#website\",\"url\":\"https:\/\/vitrolins.com\/\",\"name\":\"VITRO INS - FASSADENSYSTEME, GLASD\u00c4CHER, GLASW\u00c4NDE\",\"description\":\"\",\"potentialAction\":[{\"@type\":\"SearchAction\",\"target\":{\"@type\":\"EntryPoint\",\"urlTemplate\":\"https:\/\/vitrolins.com\/?s={search_term_string}\"},\"query-input\":{\"@type\":\"PropertyValueSpecification\",\"valueRequired\":true,\"valueName\":\"search_term_string\"}}],\"inLanguage\":\"de\"}]}<\/script>\n<!-- \/ Yoast SEO plugin. -->","yoast_head_json":{"title":"GLASW\u00c4NDE - VITRO INS - FASSADENSYSTEME, GLASD\u00c4CHER, GLASW\u00c4NDE","robots":{"index":"index","follow":"follow","max-snippet":"max-snippet:-1","max-image-preview":"max-image-preview:large","max-video-preview":"max-video-preview:-1"},"canonical":"https:\/\/vitrolins.com\/de\/glaswaende\/","og_locale":"de_DE","og_type":"article","og_title":"GLASW\u00c4NDE - VITRO INS - FASSADENSYSTEME, GLASD\u00c4CHER, GLASW\u00c4NDE","og_description":"Wir fertigen Glasw\u00e4nde in allen Formen und Gr\u00f6\u00dfen f\u00fcr Sie an. Gro\u00dfe moderne Glasfl\u00e4chen innerhalb eines Gab\u00e4udes bieten den Benutzern nat\u00fcrliches Licht, angenehme Atmosph\u00e4re und Komfort. Glasw\u00e4nde schaffen die n\u00f6tige Distanz in den Privat- oder B\u00fcror\u00e4umen, ohne die Gr\u00f6\u00dfe eines Raumes zu beeintr\u00e4chtigen. Transparente und feste Glastrennw\u00e4nde separieren einzelne Bereiche r\u00e4umlich und verleihen jedem Raum [&hellip;]","og_url":"https:\/\/vitrolins.com\/de\/glaswaende\/","og_site_name":"VITRO INS - FASSADENSYSTEME, GLASD\u00c4CHER, GLASW\u00c4NDE","article_modified_time":"2020-04-27T09:16:53+00:00","twitter_card":"summary_large_image","twitter_misc":{"Gesch\u00e4tzte Lesezeit":"2\u00a0Minuten"},"schema":{"@context":"https:\/\/schema.org","@graph":[{"@type":"WebPage","@id":"https:\/\/vitrolins.com\/de\/glaswaende\/","url":"https:\/\/vitrolins.com\/de\/glaswaende\/","name":"GLASW\u00c4NDE - VITRO INS - FASSADENSYSTEME, GLASD\u00c4CHER, GLASW\u00c4NDE","isPartOf":{"@id":"https:\/\/vitrolins.com\/#website"},"datePublished":"2020-04-07T06:38:43+00:00","dateModified":"2020-04-27T09:16:53+00:00","breadcrumb":{"@id":"https:\/\/vitrolins.com\/de\/glaswaende\/#breadcrumb"},"inLanguage":"de","potentialAction":[{"@type":"ReadAction","target":["https:\/\/vitrolins.com\/de\/glaswaende\/"]}]},{"@type":"BreadcrumbList","@id":"https:\/\/vitrolins.com\/de\/glaswaende\/#breadcrumb","itemListElement":[{"@type":"ListItem","position":1,"name":"Strona g\u0142\u00f3wna","item":"https:\/\/vitrolins.com\/de\/"},{"@type":"ListItem","position":2,"name":"GLASW\u00c4NDE"}]},{"@type":"WebSite","@id":"https:\/\/vitrolins.com\/#website","url":"https:\/\/vitrolins.com\/","name":"VITRO INS - FASSADENSYSTEME, GLASD\u00c4CHER, GLASW\u00c4NDE","description":"","potentialAction":[{"@type":"SearchAction","target":{"@type":"EntryPoint","urlTemplate":"https:\/\/vitrolins.com\/?s={search_term_string}"},"query-input":{"@type":"PropertyValueSpecification","valueRequired":true,"valueName":"search_term_string"}}],"inLanguage":"de"}]}},"_links":{"self":[{"href":"https:\/\/vitrolins.com\/de\/wp-json\/wp\/v2\/pages\/415","targetHints":{"allow":["GET"]}}],"collection":[{"href":"https:\/\/vitrolins.com\/de\/wp-json\/wp\/v2\/pages"}],"about":[{"href":"https:\/\/vitrolins.com\/de\/wp-json\/wp\/v2\/types\/page"}],"author":[{"embeddable":true,"href":"https:\/\/vitrolins.com\/de\/wp-json\/wp\/v2\/users\/1"}],"replies":[{"embeddable":true,"href":"https:\/\/vitrolins.com\/de\/wp-json\/wp\/v2\/comments?post=415"}],"version-history":[{"count":4,"href":"https:\/\/vitrolins.com\/de\/wp-json\/wp\/v2\/pages\/415\/revisions"}],"predecessor-version":[{"id":626,"href":"https:\/\/vitrolins.com\/de\/wp-json\/wp\/v2\/pages\/415\/revisions\/626"}],"wp:attachment":[{"href":"https:\/\/vitrolins.com\/de\/wp-json\/wp\/v2\/media?parent=415"}],"curies":[{"name":"wp","href":"https:\/\/api.w.org\/{rel}","templated":true}]}}