{"id":282,"date":"2020-03-25T08:23:31","date_gmt":"2020-03-25T07:23:31","guid":{"rendered":"https:\/\/vitrolins.com\/?page_id=282"},"modified":"2020-04-27T11:20:35","modified_gmt":"2020-04-27T09:20:35","slug":"cookies-policy","status":"publish","type":"page","link":"https:\/\/vitrolins.com\/en\/cookies-policy\/","title":{"rendered":"Cookies policy"},"content":{"rendered":"<p>[et_pb_section fb_built=&#8221;1&#8243; next_background_color=&#8221;#ffffff&#8221; _builder_version=&#8221;4.4.2&#8243; use_background_color_gradient=&#8221;on&#8221; background_color_gradient_start=&#8221;rgba(0,153,153,0.64)&#8221; background_color_gradient_end=&#8221;rgba(0,153,153,0.64)&#8221; background_color_gradient_overlays_image=&#8221;on&#8221; background_image=&#8221;https:\/\/vitrolins.com\/wp-content\/uploads\/2020\/02\/1.jpg&#8221; custom_padding=&#8221;84px||85px|||&#8221; bottom_divider_style=&#8221;arrow2&#8243; hover_enabled=&#8221;0&#8243; null=&#8221;rgba(4,120,11,0.37)&#8221;][et_pb_row _builder_version=&#8221;4.3.2&#8243;][et_pb_column type=&#8221;4_4&#8243; _builder_version=&#8221;4.3.2&#8243;][et_pb_post_title meta=&#8221;off&#8221; featured_image=&#8221;off&#8221; text_color=&#8221;light&#8221; _builder_version=&#8221;4.3.2&#8243; title_font_size=&#8221;62px&#8221; text_orientation=&#8221;center&#8221; title_font_size_tablet=&#8221;50px&#8221; title_font_size_phone=&#8221;25px&#8221; title_font_size_last_edited=&#8221;on|desktop&#8221;][\/et_pb_post_title][\/et_pb_column][\/et_pb_row][\/et_pb_section][et_pb_section fb_built=&#8221;1&#8243; _builder_version=&#8221;3.22&#8243;][et_pb_row _builder_version=&#8221;3.25&#8243; background_size=&#8221;initial&#8221; background_position=&#8221;top_left&#8221; background_repeat=&#8221;repeat&#8221;][et_pb_column type=&#8221;4_4&#8243; _builder_version=&#8221;3.25&#8243; custom_padding=&#8221;|||&#8221; custom_padding__hover=&#8221;|||&#8221;][et_pb_text _builder_version=&#8221;4.3.2&#8243; background_size=&#8221;initial&#8221; background_position=&#8221;top_left&#8221; background_repeat=&#8221;repeat&#8221;]<\/p>\n<p>This is the Cookie Policy for <strong>VITRO INS Sp. z o.o.<\/strong>, accessible from http:\/\/www.vitrolins.com\/.<\/p>\n<p><strong>What Are Cookies<\/strong><\/p>\n<p>As is common practice with almost all professional websites this site uses cookies, which are tiny files that are downloaded to your computer, to improve your experience. This page describes what information they gather, how we use it and why we sometimes need to store these cookies. We will also share how you can prevent these cookies from being stored however this may downgrade or \u2018break\u2019 certain elements of the sites functionality.<\/p>\n<p>For more general information on cookies see the Wikipedia article on HTTP Cookies.<\/p>\n<p><strong>How We Use Cookies<\/strong><\/p>\n<p>We use cookies for a variety of reasons detailed below. Unfortunately in most cases there are no industry standard options for disabling cookies without completely disabling the functionality and features they add to this site. It is recommended that you leave on all cookies if you are not sure whether you need them or not in case they are used to provide a service that you use.<\/p>\n<p><strong>Disabling Cookies<\/strong><\/p>\n<p>You can prevent the setting of cookies by adjusting the settings on your browser (see your browser Help for how to do this). Be aware that disabling cookies will affect the functionality of this and many other websites that you visit. Disabling cookies will usually result in also disabling certain functionality and features of the this site. Therefore it is recommended that you do not disable cookies.<\/p>\n<p><strong>The Cookies We Set<\/strong><\/p>\n<ul>\n<li>\n<p>Site preferences cookies<\/p>\n<p>In order to provide you with a great experience on this site we provide the functionality to set your preferences for how this site runs when you use it. In order to remember your preferences we need to set cookies so that this information can be called whenever you interact with a page is affected by your preferences.<\/p>\n<\/li>\n<\/ul>\n<p><strong>Third Party Cookies<\/strong><\/p>\n<p>In some special cases we also use cookies provided by trusted third parties. The following section details which third party cookies you might encounter through this site.<\/p>\n<ul>\n<li>\n<p>This site uses Google Analytics which is one of the most widespread and trusted analytics solution on the web for helping us to understand how you use the site and ways that we can improve your experience. These cookies may track things such as how long you spend on the site and the pages that you visit so we can continue to produce engaging content.<\/p>\n<p>For more information on Google Analytics cookies, see the official Google Analytics page.<\/p>\n<\/li>\n<li>\n<p>The Google AdSense service we use to serve advertising uses a DoubleClick cookie to serve more relevant ads across the web and limit the number of times that a given ad is shown to you.<\/p>\n<p>For more information on Google AdSense see the official Google AdSense privacy FAQ.<\/p>\n<\/li>\n<\/ul>\n<p><strong>More Information<\/strong><\/p>\n<p>Hopefully that has clarified things for you and as was previously mentioned if there is something that you aren\u2019t sure whether you need or not it\u2019s usually safer to leave cookies enabled in case it does interact with one of the features you use on our site. This Cookies Policy was created with the help of the\u00a0<a href=\"https:\/\/www.cookiepolicygenerator.com\/\">Cookies Policy Template Generator<\/a>\u00a0and the\u00a0<a href=\"https:\/\/www.webterms.org\/\">WebTerms Generator<\/a>.<\/p>\n<p>However if you are still looking for more information then you can contact us through one of our preferred contact methods:<\/p>\n<ul>\n<li>Email: <a href=\"mailto:biuro@vitrolins.com\">biuro@vitrolins.com<\/a><\/li>\n<\/ul>\n<p>[\/et_pb_text][\/et_pb_column][\/et_pb_row][\/et_pb_section][et_pb_section fb_built=&#8221;1&#8243; prev_background_color=&#8221;#ffffff&#8221; _builder_version=&#8221;4.3.2&#8243; use_background_color_gradient=&#8221;on&#8221; background_color_gradient_start=&#8221;rgba(10,1,1,0.53)&#8221; background_color_gradient_end=&#8221;rgba(10,1,1,0.53)&#8221; background_color_gradient_overlays_image=&#8221;on&#8221; background_image=&#8221;https:\/\/vitrolins.com\/wp-content\/uploads\/2020\/02\/dol-www.jpg&#8221; custom_padding=&#8221;127px||120px|||&#8221; top_divider_style=&#8221;arrow2&#8243; top_divider_repeat=&#8221;0x&#8221; top_divider_flip=&#8221;vertical&#8221; saved_tabs=&#8221;all&#8221;][et_pb_row _builder_version=&#8221;4.3.2&#8243;][et_pb_column type=&#8221;4_4&#8243; _builder_version=&#8221;4.3.2&#8243;][et_pb_text _builder_version=&#8221;4.4.2&#8243; text_orientation=&#8221;center&#8221; background_layout=&#8221;dark&#8221;]<\/p>\n<h3>Contact us<\/h3>\n<p>Our team will help you. If you have questions, please contact us by phone or e-mail.<\/p>\n<p>[\/et_pb_text][et_pb_button button_url=&#8221;https:\/\/vitrolins.com\/en\/contact\/&#8221; button_text=&#8221;Contact details&#8221; button_alignment=&#8221;center&#8221; _builder_version=&#8221;4.4.2&#8243;][\/et_pb_button][\/et_pb_column][\/et_pb_row][\/et_pb_section]<\/p>\n","protected":false},"excerpt":{"rendered":"<p>This is the Cookie Policy for VITRO INS Sp. z o.o., accessible from http:\/\/www.vitrolins.com\/. What Are Cookies As is common practice with almost all professional websites this site uses cookies, which are tiny files that are downloaded to your computer, to improve your experience. This page describes what information they gather, how we use it [&hellip;]<\/p>\n","protected":false},"author":1,"featured_media":0,"parent":0,"menu_order":0,"comment_status":"closed","ping_status":"closed","template":"","meta":{"_et_pb_use_builder":"on","_et_pb_old_content":"<p>[et_pb_section fb_built=\"1\" next_background_color=\"#ffffff\" _builder_version=\"4.3.2\" use_background_color_gradient=\"on\" background_color_gradient_start=\"rgba(4,120,11,0.37)\" background_color_gradient_end=\"rgba(4,120,11,0.37)\" background_color_gradient_overlays_image=\"on\" background_image=\"https:\/\/vitrolins.com\/wp-content\/uploads\/2020\/02\/1.jpg\" custom_padding=\"84px||85px|||\" bottom_divider_style=\"arrow2\" global_module=\"149\"][et_pb_row _builder_version=\"4.3.2\"][et_pb_column type=\"4_4\" _builder_version=\"4.3.2\"][et_pb_post_title meta=\"off\" featured_image=\"off\" text_color=\"light\" _builder_version=\"4.3.2\" title_font_size=\"62px\" text_orientation=\"center\" title_font_size_tablet=\"50px\" title_font_size_phone=\"25px\" title_font_size_last_edited=\"on|desktop\"][\/et_pb_post_title][\/et_pb_column][\/et_pb_row][\/et_pb_section][et_pb_section fb_built=\"1\" _builder_version=\"3.22\"][et_pb_row _builder_version=\"3.25\" background_size=\"initial\" background_position=\"top_left\" background_repeat=\"repeat\"][et_pb_column type=\"4_4\" _builder_version=\"3.25\" custom_padding=\"|||\" custom_padding__hover=\"|||\"][et_pb_text _builder_version=\"3.27.4\" background_size=\"initial\" background_position=\"top_left\" background_repeat=\"repeat\"]Polityka cookies sporz\u0105dzona zosta\u0142a zgodnie z obowi\u0105zkami wynikaj\u0105cymi z nowelizacji Prawa Telekomunikacyjnego, kt\u00f3re wesz\u0142y w \u017cycie 22 marca 2013 roku. Obowi\u0105zki te podobnie s\u0105 realizowane w ca\u0142ej Europie wskutek implementowania dyrektywy europejskiej.<\/p><p>Niniejsza polityka cookies dotyczy us\u0142ug oferowanych w ramach tej strony (Serwis).<br \/>Serwis nie zbiera w spos\u00f3b automatyczny \u017cadnych informacji, z wyj\u0105tkiem informacji zawartych w plikach cookies.<\/p><p>Pliki cookies (tzw. ciasteczka) stanowi\u0105 dane informatyczne, w szczeg\u00f3lno\u015bci pliki tekstowe, kt\u00f3re przechowywane s\u0105 w urz\u0105dzeniu ko\u0144cowym U\u017cytkownika Serwisu i przeznaczone s\u0105 do korzystania ze stron internetowych Serwisu. Cookies zazwyczaj zawieraj\u0105 nazw\u0119 strony internetowej, z kt\u00f3rej pochodz\u0105, czas przechowywania ich na urz\u0105dzeniu ko\u0144cowym oraz unikalny numer.<br \/>Podmiotem zamieszczaj\u0105cym na urz\u0105dzeniu ko\u0144cowym U\u017cytkownika Serwisu pliki cookies oraz uzyskuj\u0105cym do nich dost\u0119p jest operator tej strony.<\/p><p>Pliki cookies wykorzystywane s\u0105 w celu:<\/p><ul><li>dostosowania zawarto\u015bci stron internetowych do preferencji U\u017cytkownika oraz optymalizacji korzystania ze stron internetowych; w szczeg\u00f3lno\u015bci pliki te pozwalaj\u0105 rozpozna\u0107 urz\u0105dzenie U\u017cytkownika Serwisu i odpowiednio wy\u015bwietli\u0107 stron\u0119 internetow\u0105, dostosowan\u0105 do jego indywidualnych potrzeb;<\/li><li>tworzenia statystyk, kt\u00f3re pomagaj\u0105 zrozumie\u0107, w jaki spos\u00f3b U\u017cytkownicy Serwisu korzystaj\u0105 ze stron internetowych, co umo\u017cliwia ulepszanie ich struktury i zawarto\u015bci;<\/li><\/ul><p>W ramach Serwisu stosowane s\u0105 dwa zasadnicze typy plik\u00f3w cookies: sesyjne (session cookies) oraz sta\u0142e (persistent cookies). Cookies sesyjne s\u0105 plikami tymczasowymi, kt\u00f3re przechowywane s\u0105 w urz\u0105dzeniu ko\u0144cowym U\u017cytkownika do czasu wylogowania, opuszczenia strony internetowej lub wy\u0142\u0105czenia oprogramowania (przegl\u0105darki internetowej). Sta\u0142e pliki cookies przechowywane s\u0105 w urz\u0105dzeniu ko\u0144cowym U\u017cytkownika przez czas okre\u015blony w parametrach plik\u00f3w cookies lub do czasu ich usuni\u0119cia przez U\u017cytkownika.<\/p><p>W ramach Serwisu stosowane s\u0105 nast\u0119puj\u0105ce rodzaje plik\u00f3w cookies:<\/p><ul><li>niezb\u0119dne pliki cookies, umo\u017cliwiaj\u0105ce korzystanie z us\u0142ug dost\u0119pnych w ramach Serwisu, np. uwierzytelniaj\u0105ce pliki cookies wykorzystywane do us\u0142ug wymagaj\u0105cych uwierzytelniania w ramach Serwisu;<\/li><li>pliki cookies s\u0142u\u017c\u0105ce do zapewnienia bezpiecze\u0144stwa, np. wykorzystywane do wykrywania nadu\u017cy\u0107 w zakresie uwierzytelniania w ramach Serwisu;<\/li><li>wydajno\u015bciowe pliki cookies, umo\u017cliwiaj\u0105ce zbieranie informacji o sposobie korzystania ze stron internetowych Serwisu;<\/li><li>funkcjonalne pliki cookies, umo\u017cliwiaj\u0105ce zapami\u0119tanie wybranych przez U\u017cytkownika ustawie\u0144 i personalizacj\u0119 interfejsu U\u017cytkownika, np. w zakresie wybranego j\u0119zyka lub regionu, z kt\u00f3rego pochodzi U\u017cytkownik, rozmiaru czcionki, wygl\u0105du strony internetowej itp.;<\/li><li>reklamowe pliki cookies, umo\u017cliwiaj\u0105ce dostarczanie U\u017cytkownikom tre\u015bci reklamowych bardziej dostosowanych do ich zainteresowa\u0144.<\/li><\/ul><p>W wielu przypadkach oprogramowanie s\u0142u\u017c\u0105ce do przegl\u0105dania stron internetowych (przegl\u0105darka internetowa) domy\u015blnie dopuszcza przechowywanie plik\u00f3w cookies w urz\u0105dzeniu ko\u0144cowym U\u017cytkownika. U\u017cytkownicy Serwisu mog\u0105 dokona\u0107 w ka\u017cdym czasie zmiany ustawie\u0144 dotycz\u0105cych plik\u00f3w cookies. Ustawienia te mog\u0105 zosta\u0107 zmienione w szczeg\u00f3lno\u015bci w taki spos\u00f3b, aby blokowa\u0107 automatyczn\u0105 obs\u0142ug\u0119 plik\u00f3w cookies w ustawieniach przegl\u0105darki internetowej b\u0105d\u017a informowa\u0107 o ich ka\u017cdorazowym zamieszczeniu w urz\u0105dzeniu U\u017cytkownika Serwisu. Szczeg\u00f3\u0142owe informacje o mo\u017cliwo\u015bci i sposobach obs\u0142ugi plik\u00f3w cookies dost\u0119pne s\u0105 w ustawieniach oprogramowania (przegl\u0105darki internetowej).<\/p><p>Operator Serwisu informuje, \u017ce ograniczenia stosowania plik\u00f3w cookies mog\u0105 wp\u0142yn\u0105\u0107 na niekt\u00f3re funkcjonalno\u015bci dost\u0119pne na stronach internetowych Serwisu.<\/p><p>Pliki cookies zamieszczane w urz\u0105dzeniu ko\u0144cowym U\u017cytkownika Serwisu i wykorzystywane mog\u0105 by\u0107 r\u00f3wnie\u017c przez wsp\u00f3\u0142pracuj\u0105cych z operatorem Serwisu reklamodawc\u00f3w oraz partner\u00f3w.<\/p><p>Wi\u0119cej informacji na temat plik\u00f3w cookies dost\u0119pnych jest pod adresem <a href=\"http:\/\/www.wszystkoociasteczkach.pl\">www.wszystkoociasteczkach.pl<\/a> lub w sekcji Pomoc w menu przegl\u0105darki internetowej.<br \/>[\/et_pb_text][\/et_pb_column][\/et_pb_row][\/et_pb_section][et_pb_section fb_built=\"1\" prev_background_color=\"#ffffff\" _builder_version=\"4.3.2\" use_background_color_gradient=\"on\" background_color_gradient_start=\"rgba(10,1,1,0.53)\" background_color_gradient_end=\"rgba(10,1,1,0.53)\" background_color_gradient_overlays_image=\"on\" background_image=\"https:\/\/vitrolins.com\/wp-content\/uploads\/2020\/02\/dol-www.jpg\" custom_padding=\"127px||120px|||\" top_divider_style=\"arrow2\" top_divider_repeat=\"0x\" top_divider_flip=\"vertical\" saved_tabs=\"all\" global_module=\"145\"][et_pb_row _builder_version=\"4.3.2\"][et_pb_column type=\"4_4\" _builder_version=\"4.3.2\"][et_pb_text _builder_version=\"4.3.2\" text_orientation=\"center\" background_layout=\"dark\"]<\/p><h3>Zapraszamy do kontaktu<\/h3><p>Nasz zesp\u00f3\u0142 s\u0142u\u017cy Pa\u0144stwu pomoc\u0105.\u00a0W przypadku pyta\u0144 serdecznie zapraszamy do kontaktu telefonicznego oraz e-mailowego.<\/p><p>[\/et_pb_text][et_pb_button button_url=\"https:\/\/vitrolins.com\/kontakt\/\" button_text=\"Dane kontaktowe\" button_alignment=\"center\" _builder_version=\"4.3.2\"][\/et_pb_button][\/et_pb_column][\/et_pb_row][\/et_pb_section]<\/p>","_et_gb_content_width":"","footnotes":""},"class_list":["post-282","page","type-page","status-publish","hentry"],"yoast_head":"<!-- This site is optimized with the Yoast SEO plugin v24.9 - https:\/\/yoast.com\/wordpress\/plugins\/seo\/ -->\n<title>Cookies policy - VITRO INS - facade systems, glass canopies, glass walls<\/title>\n<meta name=\"robots\" content=\"index, follow, max-snippet:-1, max-image-preview:large, max-video-preview:-1\" \/>\n<link rel=\"canonical\" href=\"https:\/\/vitrolins.com\/en\/cookies-policy\/\" \/>\n<meta property=\"og:locale\" content=\"en_US\" \/>\n<meta property=\"og:type\" content=\"article\" \/>\n<meta property=\"og:title\" content=\"Cookies policy - VITRO INS - facade systems, glass canopies, glass walls\" \/>\n<meta property=\"og:description\" content=\"This is the Cookie Policy for VITRO INS Sp. z o.o., accessible from http:\/\/www.vitrolins.com\/. What Are Cookies As is common practice with almost all professional websites this site uses cookies, which are tiny files that are downloaded to your computer, to improve your experience. This page describes what information they gather, how we use it [&hellip;]\" \/>\n<meta property=\"og:url\" content=\"https:\/\/vitrolins.com\/en\/cookies-policy\/\" \/>\n<meta property=\"og:site_name\" content=\"VITRO INS - facade systems, glass canopies, glass walls\" \/>\n<meta property=\"article:modified_time\" content=\"2020-04-27T09:20:35+00:00\" \/>\n<meta name=\"twitter:card\" content=\"summary_large_image\" \/>\n<meta name=\"twitter:label1\" content=\"Est. reading time\" \/>\n\t<meta name=\"twitter:data1\" content=\"4 minutes\" \/>\n<script type=\"application\/ld+json\" class=\"yoast-schema-graph\">{\"@context\":\"https:\/\/schema.org\",\"@graph\":[{\"@type\":\"WebPage\",\"@id\":\"https:\/\/vitrolins.com\/en\/cookies-policy\/\",\"url\":\"https:\/\/vitrolins.com\/en\/cookies-policy\/\",\"name\":\"Cookies policy - VITRO INS - facade systems, glass canopies, glass walls\",\"isPartOf\":{\"@id\":\"https:\/\/vitrolins.com\/#website\"},\"datePublished\":\"2020-03-25T07:23:31+00:00\",\"dateModified\":\"2020-04-27T09:20:35+00:00\",\"breadcrumb\":{\"@id\":\"https:\/\/vitrolins.com\/en\/cookies-policy\/#breadcrumb\"},\"inLanguage\":\"en-US\",\"potentialAction\":[{\"@type\":\"ReadAction\",\"target\":[\"https:\/\/vitrolins.com\/en\/cookies-policy\/\"]}]},{\"@type\":\"BreadcrumbList\",\"@id\":\"https:\/\/vitrolins.com\/en\/cookies-policy\/#breadcrumb\",\"itemListElement\":[{\"@type\":\"ListItem\",\"position\":1,\"name\":\"Strona g\u0142\u00f3wna\",\"item\":\"https:\/\/vitrolins.com\/en\/\"},{\"@type\":\"ListItem\",\"position\":2,\"name\":\"Cookies policy\"}]},{\"@type\":\"WebSite\",\"@id\":\"https:\/\/vitrolins.com\/#website\",\"url\":\"https:\/\/vitrolins.com\/\",\"name\":\"VITRO INS - facade systems, glass canopies, glass walls\",\"description\":\"\",\"potentialAction\":[{\"@type\":\"SearchAction\",\"target\":{\"@type\":\"EntryPoint\",\"urlTemplate\":\"https:\/\/vitrolins.com\/?s={search_term_string}\"},\"query-input\":{\"@type\":\"PropertyValueSpecification\",\"valueRequired\":true,\"valueName\":\"search_term_string\"}}],\"inLanguage\":\"en-US\"}]}<\/script>\n<!-- \/ Yoast SEO plugin. -->","yoast_head_json":{"title":"Cookies policy - VITRO INS - facade systems, glass canopies, glass walls","robots":{"index":"index","follow":"follow","max-snippet":"max-snippet:-1","max-image-preview":"max-image-preview:large","max-video-preview":"max-video-preview:-1"},"canonical":"https:\/\/vitrolins.com\/en\/cookies-policy\/","og_locale":"en_US","og_type":"article","og_title":"Cookies policy - VITRO INS - facade systems, glass canopies, glass walls","og_description":"This is the Cookie Policy for VITRO INS Sp. z o.o., accessible from http:\/\/www.vitrolins.com\/. What Are Cookies As is common practice with almost all professional websites this site uses cookies, which are tiny files that are downloaded to your computer, to improve your experience. This page describes what information they gather, how we use it [&hellip;]","og_url":"https:\/\/vitrolins.com\/en\/cookies-policy\/","og_site_name":"VITRO INS - facade systems, glass canopies, glass walls","article_modified_time":"2020-04-27T09:20:35+00:00","twitter_card":"summary_large_image","twitter_misc":{"Est. reading time":"4 minutes"},"schema":{"@context":"https:\/\/schema.org","@graph":[{"@type":"WebPage","@id":"https:\/\/vitrolins.com\/en\/cookies-policy\/","url":"https:\/\/vitrolins.com\/en\/cookies-policy\/","name":"Cookies policy - VITRO INS - facade systems, glass canopies, glass walls","isPartOf":{"@id":"https:\/\/vitrolins.com\/#website"},"datePublished":"2020-03-25T07:23:31+00:00","dateModified":"2020-04-27T09:20:35+00:00","breadcrumb":{"@id":"https:\/\/vitrolins.com\/en\/cookies-policy\/#breadcrumb"},"inLanguage":"en-US","potentialAction":[{"@type":"ReadAction","target":["https:\/\/vitrolins.com\/en\/cookies-policy\/"]}]},{"@type":"BreadcrumbList","@id":"https:\/\/vitrolins.com\/en\/cookies-policy\/#breadcrumb","itemListElement":[{"@type":"ListItem","position":1,"name":"Strona g\u0142\u00f3wna","item":"https:\/\/vitrolins.com\/en\/"},{"@type":"ListItem","position":2,"name":"Cookies policy"}]},{"@type":"WebSite","@id":"https:\/\/vitrolins.com\/#website","url":"https:\/\/vitrolins.com\/","name":"VITRO INS - facade systems, glass canopies, glass walls","description":"","potentialAction":[{"@type":"SearchAction","target":{"@type":"EntryPoint","urlTemplate":"https:\/\/vitrolins.com\/?s={search_term_string}"},"query-input":{"@type":"PropertyValueSpecification","valueRequired":true,"valueName":"search_term_string"}}],"inLanguage":"en-US"}]}},"_links":{"self":[{"href":"https:\/\/vitrolins.com\/en\/wp-json\/wp\/v2\/pages\/282","targetHints":{"allow":["GET"]}}],"collection":[{"href":"https:\/\/vitrolins.com\/en\/wp-json\/wp\/v2\/pages"}],"about":[{"href":"https:\/\/vitrolins.com\/en\/wp-json\/wp\/v2\/types\/page"}],"author":[{"embeddable":true,"href":"https:\/\/vitrolins.com\/en\/wp-json\/wp\/v2\/users\/1"}],"replies":[{"embeddable":true,"href":"https:\/\/vitrolins.com\/en\/wp-json\/wp\/v2\/comments?post=282"}],"version-history":[{"count":8,"href":"https:\/\/vitrolins.com\/en\/wp-json\/wp\/v2\/pages\/282\/revisions"}],"predecessor-version":[{"id":650,"href":"https:\/\/vitrolins.com\/en\/wp-json\/wp\/v2\/pages\/282\/revisions\/650"}],"wp:attachment":[{"href":"https:\/\/vitrolins.com\/en\/wp-json\/wp\/v2\/media?parent=282"}],"curies":[{"name":"wp","href":"https:\/\/api.w.org\/{rel}","templated":true}]}}