{"id":283,"date":"2020-03-25T08:35:43","date_gmt":"2020-03-25T07:35:43","guid":{"rendered":"https:\/\/vitrolins.com\/?page_id=283"},"modified":"2020-04-27T11:23:44","modified_gmt":"2020-04-27T09:23:44","slug":"system-of-post-and-beam-facades","status":"publish","type":"page","link":"https:\/\/vitrolins.com\/en\/system-of-post-and-beam-facades\/","title":{"rendered":"System of post and beam facades"},"content":{"rendered":"<p>[et_pb_section fb_built=&#8221;1&#8243; next_background_color=&#8221;#ffffff&#8221; _builder_version=&#8221;4.4.2&#8243; use_background_color_gradient=&#8221;on&#8221; background_color_gradient_start=&#8221;rgba(0,153,153,0.64)&#8221; background_color_gradient_end=&#8221;rgba(0,153,153,0.64)&#8221; background_color_gradient_overlays_image=&#8221;on&#8221; background_image=&#8221;https:\/\/vitrolins.com\/wp-content\/uploads\/2020\/02\/1.jpg&#8221; custom_padding=&#8221;84px||85px|||&#8221; bottom_divider_style=&#8221;arrow2&#8243; hover_enabled=&#8221;0&#8243; null=&#8221;rgba(4,120,11,0.37)&#8221;][et_pb_row _builder_version=&#8221;4.3.2&#8243;][et_pb_column type=&#8221;4_4&#8243; _builder_version=&#8221;4.3.2&#8243;][et_pb_post_title meta=&#8221;off&#8221; featured_image=&#8221;off&#8221; text_color=&#8221;light&#8221; _builder_version=&#8221;4.3.2&#8243; title_font_size=&#8221;62px&#8221; text_orientation=&#8221;center&#8221; title_font_size_tablet=&#8221;50px&#8221; title_font_size_phone=&#8221;25px&#8221; title_font_size_last_edited=&#8221;on|desktop&#8221;][\/et_pb_post_title][\/et_pb_column][\/et_pb_row][\/et_pb_section][et_pb_section fb_built=&#8221;1&#8243; _builder_version=&#8221;4.3.2&#8243;][et_pb_row use_custom_gutter=&#8221;on&#8221; gutter_width=&#8221;2&#8243; _builder_version=&#8221;4.3.2&#8243;][et_pb_column type=&#8221;4_4&#8243; _builder_version=&#8221;4.3.2&#8243;][et_pb_text _builder_version=&#8221;4.3.2&#8243;]The post and beam facade is a modern and practical form of facade of public and residential buildings. One of its most important advantages is the large selection of profiles which ensure the durability of the whole structure.<\/p>\n<p>The post and beam facade can be complemented by opening elements, which can also be fully automated on request. Moreover, the offer of VITRO INS Sp. z o.o. includes additional functions such as fire protection or thermal insulation.<\/p>\n<p>Narrow partitioning lines provide a gentle look.[\/et_pb_text][\/et_pb_column][\/et_pb_row][\/et_pb_section][et_pb_section fb_built=&#8221;1&#8243; prev_background_color=&#8221;#ffffff&#8221; _builder_version=&#8221;4.3.2&#8243; use_background_color_gradient=&#8221;on&#8221; background_color_gradient_start=&#8221;rgba(10,1,1,0.53)&#8221; background_color_gradient_end=&#8221;rgba(10,1,1,0.53)&#8221; background_color_gradient_overlays_image=&#8221;on&#8221; background_image=&#8221;https:\/\/vitrolins.com\/wp-content\/uploads\/2020\/02\/dol-www.jpg&#8221; custom_padding=&#8221;127px||120px|||&#8221; top_divider_style=&#8221;arrow2&#8243; top_divider_repeat=&#8221;0x&#8221; top_divider_flip=&#8221;vertical&#8221; saved_tabs=&#8221;all&#8221;][et_pb_row _builder_version=&#8221;4.3.2&#8243;][et_pb_column type=&#8221;4_4&#8243; _builder_version=&#8221;4.3.2&#8243;][et_pb_text _builder_version=&#8221;4.4.2&#8243; text_orientation=&#8221;center&#8221; background_layout=&#8221;dark&#8221;]<\/p>\n<h3>Contact us<\/h3>\n<p>Our team will help you. If you have questions, please contact us by phone or e-mail.<\/p>\n<p>[\/et_pb_text][et_pb_button button_url=&#8221;https:\/\/vitrolins.com\/en\/contact\/&#8221; button_text=&#8221;Contact details&#8221; button_alignment=&#8221;center&#8221; _builder_version=&#8221;4.4.2&#8243;][\/et_pb_button][\/et_pb_column][\/et_pb_row][\/et_pb_section]<\/p>\n","protected":false},"excerpt":{"rendered":"<p>The post and beam facade is a modern and practical form of facade of public and residential buildings. One of its most important advantages is the large selection of profiles which ensure the durability of the whole structure. The post and beam facade can be complemented by opening elements, which can also be fully automated [&hellip;]<\/p>\n","protected":false},"author":1,"featured_media":0,"parent":0,"menu_order":0,"comment_status":"closed","ping_status":"closed","template":"","meta":{"_et_pb_use_builder":"on","_et_pb_old_content":"<p>[et_pb_section fb_built=\"1\" next_background_color=\"#ffffff\" _builder_version=\"4.3.2\" use_background_color_gradient=\"on\" background_color_gradient_start=\"rgba(4,120,11,0.37)\" background_color_gradient_end=\"rgba(4,120,11,0.37)\" background_color_gradient_overlays_image=\"on\" background_image=\"https:\/\/vitrolins.com\/wp-content\/uploads\/2020\/02\/1.jpg\" custom_padding=\"84px||85px|||\" bottom_divider_style=\"arrow2\" global_module=\"149\"][et_pb_row _builder_version=\"4.3.2\"][et_pb_column type=\"4_4\" _builder_version=\"4.3.2\"][et_pb_post_title meta=\"off\" featured_image=\"off\" text_color=\"light\" _builder_version=\"4.3.2\" title_font_size=\"62px\" text_orientation=\"center\" title_font_size_tablet=\"50px\" title_font_size_phone=\"25px\" title_font_size_last_edited=\"on|desktop\"][\/et_pb_post_title][\/et_pb_column][\/et_pb_row][\/et_pb_section][et_pb_section fb_built=\"1\" _builder_version=\"4.3.2\"][et_pb_row use_custom_gutter=\"on\" gutter_width=\"2\" _builder_version=\"4.3.2\"][et_pb_column type=\"4_4\" _builder_version=\"4.3.2\"][et_pb_text _builder_version=\"4.3.2\"]<\/p><p>Fasada s\u0142upowo-ryglowa to nowoczesna i praktyczna forma elewacji budynk\u00f3w u\u017cyteczno\u015bci publicznej i budynk\u00f3w mieszkalnych. Jedn\u0105 z jej najwa\u017cniejszych zalet jest du\u017cy wyb\u00f3r profili, kt\u00f3re zapewniaj\u0105 trwa\u0142o\u015b\u0107 ca\u0142ej konstrukcji.<\/p><p><span style=\"font-size: 15px;\">Uzupe\u0142nienie fasady s\u0142upowo-ryglowej mog\u0105 stanowi\u0107 elementy otwierane, na \u017cyczenie klienta\u00a0 tak\u017ce w pe\u0142ni zautomatyzowane. Ponadto oferta firmy VITRO INS Sp. z o.o. obejmuje dodatkowe funkcje takie jak np. ochrona przeciwpo\u017carowa czy izolacja termiczna.<\/span><\/p><p>\u00a0<span style=\"font-size: 15px;\">W\u0105skie linie podzia\u0142u zapewniaj\u0105 delikatn\u0105 optyk\u0119.<\/span><\/p><p>[\/et_pb_text][\/et_pb_column][\/et_pb_row][\/et_pb_section][et_pb_section fb_built=\"1\" prev_background_color=\"#ffffff\" _builder_version=\"4.3.2\" use_background_color_gradient=\"on\" background_color_gradient_start=\"rgba(10,1,1,0.53)\" background_color_gradient_end=\"rgba(10,1,1,0.53)\" background_color_gradient_overlays_image=\"on\" background_image=\"https:\/\/vitrolins.com\/wp-content\/uploads\/2020\/02\/dol-www.jpg\" custom_padding=\"127px||120px|||\" top_divider_style=\"arrow2\" top_divider_repeat=\"0x\" top_divider_flip=\"vertical\" global_module=\"145\" saved_tabs=\"all\"][et_pb_row _builder_version=\"4.3.2\"][et_pb_column type=\"4_4\" _builder_version=\"4.3.2\"][et_pb_text _builder_version=\"4.3.2\" text_orientation=\"center\" background_layout=\"dark\"]<\/p><h3>Zapraszamy do kontaktu<\/h3><p>Nasz zesp\u00f3\u0142 s\u0142u\u017cy Pa\u0144stwu pomoc\u0105.\u00a0W przypadku pyta\u0144 serdecznie zapraszamy do kontaktu telefonicznego oraz e-mailowego.<\/p><p>[\/et_pb_text][et_pb_button button_url=\"https:\/\/vitrolins.com\/kontakt\/\" button_text=\"Dane kontaktowe\" button_alignment=\"center\" _builder_version=\"4.3.2\"][\/et_pb_button][\/et_pb_column][\/et_pb_row][\/et_pb_section]<\/p>","_et_gb_content_width":"","footnotes":""},"class_list":["post-283","page","type-page","status-publish","hentry"],"yoast_head":"<!-- This site is optimized with the Yoast SEO plugin v24.9 - https:\/\/yoast.com\/wordpress\/plugins\/seo\/ -->\n<title>System of post and beam facades - VITRO INS - facade systems, glass canopies, glass walls<\/title>\n<meta name=\"robots\" content=\"index, follow, max-snippet:-1, max-image-preview:large, max-video-preview:-1\" \/>\n<link rel=\"canonical\" href=\"https:\/\/vitrolins.com\/en\/system-of-post-and-beam-facades\/\" \/>\n<meta property=\"og:locale\" content=\"en_US\" \/>\n<meta property=\"og:type\" content=\"article\" \/>\n<meta property=\"og:title\" content=\"System of post and beam facades - VITRO INS - facade systems, glass canopies, glass walls\" \/>\n<meta property=\"og:description\" content=\"The post and beam facade is a modern and practical form of facade of public and residential buildings. One of its most important advantages is the large selection of profiles which ensure the durability of the whole structure. The post and beam facade can be complemented by opening elements, which can also be fully automated [&hellip;]\" \/>\n<meta property=\"og:url\" content=\"https:\/\/vitrolins.com\/en\/system-of-post-and-beam-facades\/\" \/>\n<meta property=\"og:site_name\" content=\"VITRO INS - facade systems, glass canopies, glass walls\" \/>\n<meta property=\"article:modified_time\" content=\"2020-04-27T09:23:44+00:00\" \/>\n<meta name=\"twitter:card\" content=\"summary_large_image\" \/>\n<meta name=\"twitter:label1\" content=\"Est. reading time\" \/>\n\t<meta name=\"twitter:data1\" content=\"2 minutes\" \/>\n<script type=\"application\/ld+json\" class=\"yoast-schema-graph\">{\"@context\":\"https:\/\/schema.org\",\"@graph\":[{\"@type\":\"WebPage\",\"@id\":\"https:\/\/vitrolins.com\/en\/system-of-post-and-beam-facades\/\",\"url\":\"https:\/\/vitrolins.com\/en\/system-of-post-and-beam-facades\/\",\"name\":\"System of post and beam facades - VITRO INS - facade systems, glass canopies, glass walls\",\"isPartOf\":{\"@id\":\"https:\/\/vitrolins.com\/#website\"},\"datePublished\":\"2020-03-25T07:35:43+00:00\",\"dateModified\":\"2020-04-27T09:23:44+00:00\",\"breadcrumb\":{\"@id\":\"https:\/\/vitrolins.com\/en\/system-of-post-and-beam-facades\/#breadcrumb\"},\"inLanguage\":\"en-US\",\"potentialAction\":[{\"@type\":\"ReadAction\",\"target\":[\"https:\/\/vitrolins.com\/en\/system-of-post-and-beam-facades\/\"]}]},{\"@type\":\"BreadcrumbList\",\"@id\":\"https:\/\/vitrolins.com\/en\/system-of-post-and-beam-facades\/#breadcrumb\",\"itemListElement\":[{\"@type\":\"ListItem\",\"position\":1,\"name\":\"Strona g\u0142\u00f3wna\",\"item\":\"https:\/\/vitrolins.com\/en\/\"},{\"@type\":\"ListItem\",\"position\":2,\"name\":\"System of post and beam facades\"}]},{\"@type\":\"WebSite\",\"@id\":\"https:\/\/vitrolins.com\/#website\",\"url\":\"https:\/\/vitrolins.com\/\",\"name\":\"VITRO INS - facade systems, glass canopies, glass walls\",\"description\":\"\",\"potentialAction\":[{\"@type\":\"SearchAction\",\"target\":{\"@type\":\"EntryPoint\",\"urlTemplate\":\"https:\/\/vitrolins.com\/?s={search_term_string}\"},\"query-input\":{\"@type\":\"PropertyValueSpecification\",\"valueRequired\":true,\"valueName\":\"search_term_string\"}}],\"inLanguage\":\"en-US\"}]}<\/script>\n<!-- \/ Yoast SEO plugin. -->","yoast_head_json":{"title":"System of post and beam facades - VITRO INS - facade systems, glass canopies, glass walls","robots":{"index":"index","follow":"follow","max-snippet":"max-snippet:-1","max-image-preview":"max-image-preview:large","max-video-preview":"max-video-preview:-1"},"canonical":"https:\/\/vitrolins.com\/en\/system-of-post-and-beam-facades\/","og_locale":"en_US","og_type":"article","og_title":"System of post and beam facades - VITRO INS - facade systems, glass canopies, glass walls","og_description":"The post and beam facade is a modern and practical form of facade of public and residential buildings. One of its most important advantages is the large selection of profiles which ensure the durability of the whole structure. The post and beam facade can be complemented by opening elements, which can also be fully automated [&hellip;]","og_url":"https:\/\/vitrolins.com\/en\/system-of-post-and-beam-facades\/","og_site_name":"VITRO INS - facade systems, glass canopies, glass walls","article_modified_time":"2020-04-27T09:23:44+00:00","twitter_card":"summary_large_image","twitter_misc":{"Est. reading time":"2 minutes"},"schema":{"@context":"https:\/\/schema.org","@graph":[{"@type":"WebPage","@id":"https:\/\/vitrolins.com\/en\/system-of-post-and-beam-facades\/","url":"https:\/\/vitrolins.com\/en\/system-of-post-and-beam-facades\/","name":"System of post and beam facades - VITRO INS - facade systems, glass canopies, glass walls","isPartOf":{"@id":"https:\/\/vitrolins.com\/#website"},"datePublished":"2020-03-25T07:35:43+00:00","dateModified":"2020-04-27T09:23:44+00:00","breadcrumb":{"@id":"https:\/\/vitrolins.com\/en\/system-of-post-and-beam-facades\/#breadcrumb"},"inLanguage":"en-US","potentialAction":[{"@type":"ReadAction","target":["https:\/\/vitrolins.com\/en\/system-of-post-and-beam-facades\/"]}]},{"@type":"BreadcrumbList","@id":"https:\/\/vitrolins.com\/en\/system-of-post-and-beam-facades\/#breadcrumb","itemListElement":[{"@type":"ListItem","position":1,"name":"Strona g\u0142\u00f3wna","item":"https:\/\/vitrolins.com\/en\/"},{"@type":"ListItem","position":2,"name":"System of post and beam facades"}]},{"@type":"WebSite","@id":"https:\/\/vitrolins.com\/#website","url":"https:\/\/vitrolins.com\/","name":"VITRO INS - facade systems, glass canopies, glass walls","description":"","potentialAction":[{"@type":"SearchAction","target":{"@type":"EntryPoint","urlTemplate":"https:\/\/vitrolins.com\/?s={search_term_string}"},"query-input":{"@type":"PropertyValueSpecification","valueRequired":true,"valueName":"search_term_string"}}],"inLanguage":"en-US"}]}},"_links":{"self":[{"href":"https:\/\/vitrolins.com\/en\/wp-json\/wp\/v2\/pages\/283","targetHints":{"allow":["GET"]}}],"collection":[{"href":"https:\/\/vitrolins.com\/en\/wp-json\/wp\/v2\/pages"}],"about":[{"href":"https:\/\/vitrolins.com\/en\/wp-json\/wp\/v2\/types\/page"}],"author":[{"embeddable":true,"href":"https:\/\/vitrolins.com\/en\/wp-json\/wp\/v2\/users\/1"}],"replies":[{"embeddable":true,"href":"https:\/\/vitrolins.com\/en\/wp-json\/wp\/v2\/comments?post=283"}],"version-history":[{"count":7,"href":"https:\/\/vitrolins.com\/en\/wp-json\/wp\/v2\/pages\/283\/revisions"}],"predecessor-version":[{"id":659,"href":"https:\/\/vitrolins.com\/en\/wp-json\/wp\/v2\/pages\/283\/revisions\/659"}],"wp:attachment":[{"href":"https:\/\/vitrolins.com\/en\/wp-json\/wp\/v2\/media?parent=283"}],"curies":[{"name":"wp","href":"https:\/\/api.w.org\/{rel}","templated":true}]}}