{"id":284,"date":"2020-03-25T08:33:15","date_gmt":"2020-03-25T07:33:15","guid":{"rendered":"https:\/\/vitrolins.com\/?page_id=284"},"modified":"2020-04-27T11:23:28","modified_gmt":"2020-04-27T09:23:28","slug":"system-of-element-facades","status":"publish","type":"page","link":"https:\/\/vitrolins.com\/en\/system-of-element-facades\/","title":{"rendered":"System of element facades"},"content":{"rendered":"<p>[et_pb_section fb_built=&#8221;1&#8243; next_background_color=&#8221;#ffffff&#8221; _builder_version=&#8221;4.4.2&#8243; use_background_color_gradient=&#8221;on&#8221; background_color_gradient_start=&#8221;rgba(0,153,153,0.64)&#8221; background_color_gradient_end=&#8221;rgba(0,153,153,0.64)&#8221; background_color_gradient_overlays_image=&#8221;on&#8221; background_image=&#8221;https:\/\/vitrolins.com\/wp-content\/uploads\/2020\/02\/1.jpg&#8221; custom_padding=&#8221;84px||85px|||&#8221; bottom_divider_style=&#8221;arrow2&#8243; hover_enabled=&#8221;0&#8243; null=&#8221;rgba(4,120,11,0.37)&#8221;][et_pb_row _builder_version=&#8221;4.3.2&#8243;][et_pb_column type=&#8221;4_4&#8243; _builder_version=&#8221;4.3.2&#8243;][et_pb_post_title meta=&#8221;off&#8221; featured_image=&#8221;off&#8221; text_color=&#8221;light&#8221; _builder_version=&#8221;4.3.2&#8243; title_font_size=&#8221;62px&#8221; text_orientation=&#8221;center&#8221; title_font_size_tablet=&#8221;50px&#8221; title_font_size_phone=&#8221;25px&#8221; title_font_size_last_edited=&#8221;on|desktop&#8221;][\/et_pb_post_title][\/et_pb_column][\/et_pb_row][\/et_pb_section][et_pb_section fb_built=&#8221;1&#8243; _builder_version=&#8221;4.3.2&#8243;][et_pb_row use_custom_gutter=&#8221;on&#8221; gutter_width=&#8221;2&#8243; _builder_version=&#8221;4.3.2&#8243;][et_pb_column type=&#8221;4_4&#8243; _builder_version=&#8221;4.3.2&#8243;][et_pb_text _builder_version=&#8221;4.3.2&#8243;]<\/p>\n<p>Increasingly, construction plans are being implemented under time pressure. To meet the high expectations of our customers, we offer a system of element facades. It is a modern architectural solution, which allows to gain time and thus save costs. Moreover, the durability and high quality standard of the element facade is guaranteed by serial production and completely independent of weather conditions assembly of individual elements.<\/p>\n<p>Individual facade modules are manufactured in the production plant. The finished elements are then transported to the construction site and assembled to the supporting structure of the building and adjacent modules. One of the most important advantages of element facades is the quick and precise assembly on site, without scaffolding.<\/p>\n<p>The element facade system is suitable for buildings of all sizes and allows the use of opening elements, panels or sun protection. The order is always based on object-specific solutions and requirements.<\/p>\n<p>Elementary facades are a combination of functionality, modern design and a sophisticated appearance.<\/p>\n<p>[\/et_pb_text][\/et_pb_column][\/et_pb_row][\/et_pb_section][et_pb_section fb_built=&#8221;1&#8243; prev_background_color=&#8221;#ffffff&#8221; _builder_version=&#8221;4.3.2&#8243; use_background_color_gradient=&#8221;on&#8221; background_color_gradient_start=&#8221;rgba(10,1,1,0.53)&#8221; background_color_gradient_end=&#8221;rgba(10,1,1,0.53)&#8221; background_color_gradient_overlays_image=&#8221;on&#8221; background_image=&#8221;https:\/\/vitrolins.com\/wp-content\/uploads\/2020\/02\/dol-www.jpg&#8221; custom_padding=&#8221;127px||120px|||&#8221; top_divider_style=&#8221;arrow2&#8243; top_divider_repeat=&#8221;0x&#8221; top_divider_flip=&#8221;vertical&#8221; saved_tabs=&#8221;all&#8221;][et_pb_row _builder_version=&#8221;4.3.2&#8243;][et_pb_column type=&#8221;4_4&#8243; _builder_version=&#8221;4.3.2&#8243;][et_pb_text _builder_version=&#8221;4.4.2&#8243; text_orientation=&#8221;center&#8221; background_layout=&#8221;dark&#8221;]<\/p>\n<h3>Contact us<\/h3>\n<p>Our team will help you. If you have questions, please contact us by phone or e-mail.<\/p>\n<p>[\/et_pb_text][et_pb_button button_url=&#8221;https:\/\/vitrolins.com\/en\/contact\/&#8221; button_text=&#8221;Contact details&#8221; button_alignment=&#8221;center&#8221; _builder_version=&#8221;4.4.2&#8243;][\/et_pb_button][\/et_pb_column][\/et_pb_row][\/et_pb_section]<\/p>\n","protected":false},"excerpt":{"rendered":"<p>Increasingly, construction plans are being implemented under time pressure. To meet the high expectations of our customers, we offer a system of element facades. It is a modern architectural solution, which allows to gain time and thus save costs. Moreover, the durability and high quality standard of the element facade is guaranteed by serial production [&hellip;]<\/p>\n","protected":false},"author":1,"featured_media":0,"parent":0,"menu_order":0,"comment_status":"closed","ping_status":"closed","template":"","meta":{"_et_pb_use_builder":"on","_et_pb_old_content":"<p>[et_pb_section fb_built=\"1\" next_background_color=\"#ffffff\" _builder_version=\"4.3.2\" use_background_color_gradient=\"on\" background_color_gradient_start=\"rgba(4,120,11,0.37)\" background_color_gradient_end=\"rgba(4,120,11,0.37)\" background_color_gradient_overlays_image=\"on\" background_image=\"https:\/\/vitrolins.com\/wp-content\/uploads\/2020\/02\/1.jpg\" custom_padding=\"84px||85px|||\" bottom_divider_style=\"arrow2\" global_module=\"149\"][et_pb_row _builder_version=\"4.3.2\"][et_pb_column type=\"4_4\" _builder_version=\"4.3.2\"][et_pb_post_title meta=\"off\" featured_image=\"off\" text_color=\"light\" _builder_version=\"4.3.2\" title_font_size=\"62px\" text_orientation=\"center\" title_font_size_tablet=\"50px\" title_font_size_phone=\"25px\" title_font_size_last_edited=\"on|desktop\"][\/et_pb_post_title][\/et_pb_column][\/et_pb_row][\/et_pb_section][et_pb_section fb_built=\"1\" _builder_version=\"4.3.2\"][et_pb_row use_custom_gutter=\"on\" gutter_width=\"2\" _builder_version=\"4.3.2\"][et_pb_column type=\"4_4\" _builder_version=\"4.3.2\"][et_pb_text _builder_version=\"4.3.2\"]<\/p><p>Coraz cz\u0119\u015bciej realizacja plan\u00f3w budowy odbywa si\u0119 pod presj\u0105 czasu. Wychodz\u0105c naprzeciw wysokim oczekiwaniom klient\u00f3w, oferujemy system fasad elementowych. Jest to nowoczesne rozwi\u0105zanie architektoniczne, kt\u00f3re umo\u017cliwia zyskanie na czasie i co za tym idzie oszcz\u0119dno\u015b\u0107 koszt\u00f3w. Ponadto wytrzyma\u0142o\u015b\u0107 i wysoki standard jako\u015bci fasady elementowej gwarantuje produkcja seryjna i zupe\u0142nie niezale\u017cny od warunk\u00f3w pogodowych monta\u017c pojedynczych element\u00f3w.<\/p><p><span style=\"font-size: 15px;\">Poszczeg\u00f3lne modu\u0142y fasady powstaj\u0105 w zak\u0142adzie produkcyjnym. Nast\u0119pnie gotowe elementy przewozi si\u0119 na plac budowy i montuje si\u0119 do konstrukcji no\u015bnej budynku oraz s\u0105siaduj\u0105cych modu\u0142\u00f3w. Do najwa\u017cniejszych zalet fasad elementowych nale\u017cy szybki i precyzyjny monta\u017c na miejscu, bez rusztowania.<\/span><\/p><p><span style=\"font-size: 15px;\">System fasad elementowych nadaje si\u0119 do budynk\u00f3w ka\u017cdej wielko\u015bci, umo\u017cliwia zastosowanie otwieranych element\u00f3w, paneli czy ochrony przeciws\u0142onecznej. Podczas realizacji zlecenia zawsze uwzgl\u0119dniane s\u0105 specyficzne dla danego obiektu rozwi\u0105zania i zapotrzebowania.\u00a0<\/span><\/p><p><span style=\"font-size: 15px;\">Fasada elementowa to po\u0142\u0105czenie funkcjonalno\u015bci, nowoczesnego designu i filigranowej optyki.<\/span><\/p><p>[\/et_pb_text][\/et_pb_column][\/et_pb_row][\/et_pb_section][et_pb_section fb_built=\"1\" prev_background_color=\"#ffffff\" _builder_version=\"4.3.2\" use_background_color_gradient=\"on\" background_color_gradient_start=\"rgba(10,1,1,0.53)\" background_color_gradient_end=\"rgba(10,1,1,0.53)\" background_color_gradient_overlays_image=\"on\" background_image=\"https:\/\/vitrolins.com\/wp-content\/uploads\/2020\/02\/dol-www.jpg\" custom_padding=\"127px||120px|||\" top_divider_style=\"arrow2\" top_divider_repeat=\"0x\" top_divider_flip=\"vertical\" global_module=\"145\" saved_tabs=\"all\"][et_pb_row _builder_version=\"4.3.2\"][et_pb_column type=\"4_4\" _builder_version=\"4.3.2\"][et_pb_text _builder_version=\"4.3.2\" text_orientation=\"center\" background_layout=\"dark\"]<\/p><h3>Zapraszamy do kontaktu<\/h3><p>Nasz zesp\u00f3\u0142 s\u0142u\u017cy Pa\u0144stwu pomoc\u0105.\u00a0W przypadku pyta\u0144 serdecznie zapraszamy do kontaktu telefonicznego oraz e-mailowego.<\/p><p>[\/et_pb_text][et_pb_button button_url=\"https:\/\/vitrolins.com\/kontakt\/\" button_text=\"Dane kontaktowe\" button_alignment=\"center\" _builder_version=\"4.3.2\"][\/et_pb_button][\/et_pb_column][\/et_pb_row][\/et_pb_section]<\/p>","_et_gb_content_width":"","footnotes":""},"class_list":["post-284","page","type-page","status-publish","hentry"],"yoast_head":"<!-- This site is optimized with the Yoast SEO plugin v24.9 - https:\/\/yoast.com\/wordpress\/plugins\/seo\/ -->\n<title>System of element facades - VITRO INS - facade systems, glass canopies, glass walls<\/title>\n<meta name=\"robots\" content=\"index, follow, max-snippet:-1, max-image-preview:large, max-video-preview:-1\" \/>\n<link rel=\"canonical\" href=\"https:\/\/vitrolins.com\/en\/system-of-element-facades\/\" \/>\n<meta property=\"og:locale\" content=\"en_US\" \/>\n<meta property=\"og:type\" content=\"article\" \/>\n<meta property=\"og:title\" content=\"System of element facades - VITRO INS - facade systems, glass canopies, glass walls\" \/>\n<meta property=\"og:description\" content=\"Increasingly, construction plans are being implemented under time pressure. To meet the high expectations of our customers, we offer a system of element facades. It is a modern architectural solution, which allows to gain time and thus save costs. Moreover, the durability and high quality standard of the element facade is guaranteed by serial production [&hellip;]\" \/>\n<meta property=\"og:url\" content=\"https:\/\/vitrolins.com\/en\/system-of-element-facades\/\" \/>\n<meta property=\"og:site_name\" content=\"VITRO INS - facade systems, glass canopies, glass walls\" \/>\n<meta property=\"article:modified_time\" content=\"2020-04-27T09:23:28+00:00\" \/>\n<meta name=\"twitter:card\" content=\"summary_large_image\" \/>\n<meta name=\"twitter:label1\" content=\"Est. reading time\" \/>\n\t<meta name=\"twitter:data1\" content=\"2 minutes\" \/>\n<script type=\"application\/ld+json\" class=\"yoast-schema-graph\">{\"@context\":\"https:\/\/schema.org\",\"@graph\":[{\"@type\":\"WebPage\",\"@id\":\"https:\/\/vitrolins.com\/en\/system-of-element-facades\/\",\"url\":\"https:\/\/vitrolins.com\/en\/system-of-element-facades\/\",\"name\":\"System of element facades - VITRO INS - facade systems, glass canopies, glass walls\",\"isPartOf\":{\"@id\":\"https:\/\/vitrolins.com\/#website\"},\"datePublished\":\"2020-03-25T07:33:15+00:00\",\"dateModified\":\"2020-04-27T09:23:28+00:00\",\"breadcrumb\":{\"@id\":\"https:\/\/vitrolins.com\/en\/system-of-element-facades\/#breadcrumb\"},\"inLanguage\":\"en-US\",\"potentialAction\":[{\"@type\":\"ReadAction\",\"target\":[\"https:\/\/vitrolins.com\/en\/system-of-element-facades\/\"]}]},{\"@type\":\"BreadcrumbList\",\"@id\":\"https:\/\/vitrolins.com\/en\/system-of-element-facades\/#breadcrumb\",\"itemListElement\":[{\"@type\":\"ListItem\",\"position\":1,\"name\":\"Strona g\u0142\u00f3wna\",\"item\":\"https:\/\/vitrolins.com\/en\/\"},{\"@type\":\"ListItem\",\"position\":2,\"name\":\"System of element facades\"}]},{\"@type\":\"WebSite\",\"@id\":\"https:\/\/vitrolins.com\/#website\",\"url\":\"https:\/\/vitrolins.com\/\",\"name\":\"VITRO INS - facade systems, glass canopies, glass walls\",\"description\":\"\",\"potentialAction\":[{\"@type\":\"SearchAction\",\"target\":{\"@type\":\"EntryPoint\",\"urlTemplate\":\"https:\/\/vitrolins.com\/?s={search_term_string}\"},\"query-input\":{\"@type\":\"PropertyValueSpecification\",\"valueRequired\":true,\"valueName\":\"search_term_string\"}}],\"inLanguage\":\"en-US\"}]}<\/script>\n<!-- \/ Yoast SEO plugin. -->","yoast_head_json":{"title":"System of element facades - VITRO INS - facade systems, glass canopies, glass walls","robots":{"index":"index","follow":"follow","max-snippet":"max-snippet:-1","max-image-preview":"max-image-preview:large","max-video-preview":"max-video-preview:-1"},"canonical":"https:\/\/vitrolins.com\/en\/system-of-element-facades\/","og_locale":"en_US","og_type":"article","og_title":"System of element facades - VITRO INS - facade systems, glass canopies, glass walls","og_description":"Increasingly, construction plans are being implemented under time pressure. To meet the high expectations of our customers, we offer a system of element facades. It is a modern architectural solution, which allows to gain time and thus save costs. Moreover, the durability and high quality standard of the element facade is guaranteed by serial production [&hellip;]","og_url":"https:\/\/vitrolins.com\/en\/system-of-element-facades\/","og_site_name":"VITRO INS - facade systems, glass canopies, glass walls","article_modified_time":"2020-04-27T09:23:28+00:00","twitter_card":"summary_large_image","twitter_misc":{"Est. reading time":"2 minutes"},"schema":{"@context":"https:\/\/schema.org","@graph":[{"@type":"WebPage","@id":"https:\/\/vitrolins.com\/en\/system-of-element-facades\/","url":"https:\/\/vitrolins.com\/en\/system-of-element-facades\/","name":"System of element facades - VITRO INS - facade systems, glass canopies, glass walls","isPartOf":{"@id":"https:\/\/vitrolins.com\/#website"},"datePublished":"2020-03-25T07:33:15+00:00","dateModified":"2020-04-27T09:23:28+00:00","breadcrumb":{"@id":"https:\/\/vitrolins.com\/en\/system-of-element-facades\/#breadcrumb"},"inLanguage":"en-US","potentialAction":[{"@type":"ReadAction","target":["https:\/\/vitrolins.com\/en\/system-of-element-facades\/"]}]},{"@type":"BreadcrumbList","@id":"https:\/\/vitrolins.com\/en\/system-of-element-facades\/#breadcrumb","itemListElement":[{"@type":"ListItem","position":1,"name":"Strona g\u0142\u00f3wna","item":"https:\/\/vitrolins.com\/en\/"},{"@type":"ListItem","position":2,"name":"System of element facades"}]},{"@type":"WebSite","@id":"https:\/\/vitrolins.com\/#website","url":"https:\/\/vitrolins.com\/","name":"VITRO INS - facade systems, glass canopies, glass walls","description":"","potentialAction":[{"@type":"SearchAction","target":{"@type":"EntryPoint","urlTemplate":"https:\/\/vitrolins.com\/?s={search_term_string}"},"query-input":{"@type":"PropertyValueSpecification","valueRequired":true,"valueName":"search_term_string"}}],"inLanguage":"en-US"}]}},"_links":{"self":[{"href":"https:\/\/vitrolins.com\/en\/wp-json\/wp\/v2\/pages\/284","targetHints":{"allow":["GET"]}}],"collection":[{"href":"https:\/\/vitrolins.com\/en\/wp-json\/wp\/v2\/pages"}],"about":[{"href":"https:\/\/vitrolins.com\/en\/wp-json\/wp\/v2\/types\/page"}],"author":[{"embeddable":true,"href":"https:\/\/vitrolins.com\/en\/wp-json\/wp\/v2\/users\/1"}],"replies":[{"embeddable":true,"href":"https:\/\/vitrolins.com\/en\/wp-json\/wp\/v2\/comments?post=284"}],"version-history":[{"count":7,"href":"https:\/\/vitrolins.com\/en\/wp-json\/wp\/v2\/pages\/284\/revisions"}],"predecessor-version":[{"id":658,"href":"https:\/\/vitrolins.com\/en\/wp-json\/wp\/v2\/pages\/284\/revisions\/658"}],"wp:attachment":[{"href":"https:\/\/vitrolins.com\/en\/wp-json\/wp\/v2\/media?parent=284"}],"curies":[{"name":"wp","href":"https:\/\/api.w.org\/{rel}","templated":true}]}}