{"id":287,"date":"2020-03-25T08:31:24","date_gmt":"2020-03-25T07:31:24","guid":{"rendered":"https:\/\/vitrolins.com\/?page_id=287"},"modified":"2020-04-27T11:21:23","modified_gmt":"2020-04-27T09:21:23","slug":"facade-systems","status":"publish","type":"page","link":"https:\/\/vitrolins.com\/en\/facade-systems\/","title":{"rendered":"Facade systems"},"content":{"rendered":"<p>[et_pb_section fb_built=&#8221;1&#8243; next_background_color=&#8221;#ffffff&#8221; _builder_version=&#8221;4.4.2&#8243; use_background_color_gradient=&#8221;on&#8221; background_color_gradient_start=&#8221;rgba(0,153,153,0.64)&#8221; background_color_gradient_end=&#8221;rgba(0,153,153,0.64)&#8221; background_color_gradient_overlays_image=&#8221;on&#8221; background_image=&#8221;https:\/\/vitrolins.com\/wp-content\/uploads\/2020\/02\/1.jpg&#8221; custom_padding=&#8221;84px||85px|||&#8221; bottom_divider_style=&#8221;arrow2&#8243; hover_enabled=&#8221;0&#8243; null=&#8221;rgba(4,120,11,0.37)&#8221;][et_pb_row _builder_version=&#8221;4.3.2&#8243;][et_pb_column type=&#8221;4_4&#8243; _builder_version=&#8221;4.3.2&#8243;][et_pb_post_title meta=&#8221;off&#8221; featured_image=&#8221;off&#8221; text_color=&#8221;light&#8221; _builder_version=&#8221;4.3.2&#8243; title_font_size=&#8221;62px&#8221; text_orientation=&#8221;center&#8221; title_font_size_tablet=&#8221;50px&#8221; title_font_size_phone=&#8221;25px&#8221; title_font_size_last_edited=&#8221;on|desktop&#8221;][\/et_pb_post_title][\/et_pb_column][\/et_pb_row][\/et_pb_section][et_pb_section fb_built=&#8221;1&#8243; _builder_version=&#8221;4.3.2&#8243;][et_pb_row column_structure=&#8221;3_5,2_5&#8243; use_custom_gutter=&#8221;on&#8221; gutter_width=&#8221;2&#8243; _builder_version=&#8221;4.3.2&#8243;][et_pb_column type=&#8221;3_5&#8243; _builder_version=&#8221;4.3.2&#8243;][et_pb_text _builder_version=&#8221;4.3.2&#8243;]<\/p>\n<p>Building facades fulfil both practical and representative tasks. The quest for better transparency, natural lighting and aesthetics has led to the development of new solutions for glass facade systems in recent decades.<\/p>\n<p>The design and execution of a glass facade requires great care and precision. Factors such as user comfort, climatic conditions, energy gain and loss, ventilation, fire protection and of course economic aspects are taken into account.<\/p>\n<p><strong>The offer of VITRO INS Sp. z o.o. includes:<\/strong><\/p>\n<ul>\n<li><a href=\"https:\/\/vitrolins.com\/en\/system-of-element-facades\/\">element facades<\/a>,<\/li>\n<li><a href=\"https:\/\/vitrolins.com\/en\/system-of-ventilated-facades\/\">ventilated facades<\/a>,<\/li>\n<li><a href=\"https:\/\/vitrolins.com\/en\/system-of-structural-facades\/\">structural facades<\/a>,<\/li>\n<li><a href=\"https:\/\/vitrolins.com\/en\/system-of-post-and-beam-facades\/\">post and beam facades<\/a>.<\/li>\n<\/ul>\n<p>Since glass is a material with high aesthetic values and functional aspects such as strength, reliability, safety, solar control, thermal and acoustic insulation, glass facades are increasingly popular with institutional and private customers.<\/p>\n<p>VITRO INS Sp. z o.o. guarantees the highest quality of services. We invite you to get acquainted with our rich offer.<\/p>\n<p>[\/et_pb_text][\/et_pb_column][et_pb_column type=&#8221;2_5&#8243; _builder_version=&#8221;4.3.2&#8243;][et_pb_image src=&#8221;https:\/\/vitrolins.com\/wp-content\/uploads\/2020\/02\/fasady-aluminowe-1.jpg&#8221; _builder_version=&#8221;4.3.2&#8243;][\/et_pb_image][\/et_pb_column][\/et_pb_row][\/et_pb_section][et_pb_section fb_built=&#8221;1&#8243; prev_background_color=&#8221;#ffffff&#8221; _builder_version=&#8221;4.3.2&#8243; use_background_color_gradient=&#8221;on&#8221; background_color_gradient_start=&#8221;rgba(10,1,1,0.53)&#8221; background_color_gradient_end=&#8221;rgba(10,1,1,0.53)&#8221; background_color_gradient_overlays_image=&#8221;on&#8221; background_image=&#8221;https:\/\/vitrolins.com\/wp-content\/uploads\/2020\/02\/dol-www.jpg&#8221; custom_padding=&#8221;127px||120px|||&#8221; top_divider_style=&#8221;arrow2&#8243; top_divider_repeat=&#8221;0x&#8221; top_divider_flip=&#8221;vertical&#8221; saved_tabs=&#8221;all&#8221;][et_pb_row _builder_version=&#8221;4.3.2&#8243;][et_pb_column type=&#8221;4_4&#8243; _builder_version=&#8221;4.3.2&#8243;][et_pb_text _builder_version=&#8221;4.4.2&#8243; text_orientation=&#8221;center&#8221; background_layout=&#8221;dark&#8221;]<\/p>\n<h3>Contact us<\/h3>\n<p>Our team will help you. If you have questions, please contact us by phone or e-mail.<\/p>\n<p>[\/et_pb_text][et_pb_button button_url=&#8221;https:\/\/vitrolins.com\/en\/contact\/&#8221; button_text=&#8221;Contact details&#8221; button_alignment=&#8221;center&#8221; _builder_version=&#8221;4.4.2&#8243;][\/et_pb_button][\/et_pb_column][\/et_pb_row][\/et_pb_section]<\/p>\n","protected":false},"excerpt":{"rendered":"<p>Building facades fulfil both practical and representative tasks. The quest for better transparency, natural lighting and aesthetics has led to the development of new solutions for glass facade systems in recent decades. The design and execution of a glass facade requires great care and precision. Factors such as user comfort, climatic conditions, energy gain and [&hellip;]<\/p>\n","protected":false},"author":1,"featured_media":0,"parent":0,"menu_order":0,"comment_status":"closed","ping_status":"closed","template":"","meta":{"_et_pb_use_builder":"on","_et_pb_old_content":"<p>[et_pb_section fb_built=\"1\" next_background_color=\"#ffffff\" _builder_version=\"4.3.2\" use_background_color_gradient=\"on\" background_color_gradient_start=\"rgba(4,120,11,0.37)\" background_color_gradient_end=\"rgba(4,120,11,0.37)\" background_color_gradient_overlays_image=\"on\" background_image=\"https:\/\/vitrolins.com\/wp-content\/uploads\/2020\/02\/1.jpg\" custom_padding=\"84px||85px|||\" bottom_divider_style=\"arrow2\" global_module=\"149\"][et_pb_row _builder_version=\"4.3.2\"][et_pb_column type=\"4_4\" _builder_version=\"4.3.2\"][et_pb_post_title meta=\"off\" featured_image=\"off\" text_color=\"light\" _builder_version=\"4.3.2\" title_font_size=\"62px\" text_orientation=\"center\" title_font_size_tablet=\"50px\" title_font_size_phone=\"25px\" title_font_size_last_edited=\"on|desktop\"][\/et_pb_post_title][\/et_pb_column][\/et_pb_row][\/et_pb_section][et_pb_section fb_built=\"1\" _builder_version=\"4.3.2\"][et_pb_row column_structure=\"3_5,2_5\" use_custom_gutter=\"on\" gutter_width=\"2\" _builder_version=\"4.3.2\"][et_pb_column type=\"3_5\" _builder_version=\"4.3.2\"][et_pb_text _builder_version=\"4.3.2\" hover_enabled=\"0\"]<\/p><p>Fasady budynk\u00f3w spe\u0142niaj\u0105 zar\u00f3wno praktyczne, jak i reprezentatywne zadania. D\u0105\u017cenie do lepszej przejrzysto\u015bci, naturalnego o\u015bwietlenia i estetyki wykonania spowodowa\u0142y w ostatnich dziesi\u0119cioleciach rozw\u00f3j nowych rozwi\u0105za\u0144 w zakresie system\u00f3w fasad szklanych.<\/p><p>Zaprojektowanie i wykonanie szklanej fasady wymaga wielkiej staranno\u015bci i dok\u0142adno\u015bci. Pod uwag\u0119 brane s\u0105 takie czynniki jak poczucie komfortu u\u017cytkownik\u00f3w, warunki klimatyczne, zysk i straty energii, wentylacja, ochrona przeciwpo\u017carowa i oczywi\u015bcie aspekty ekonomiczne.<\/p><h4><strong>Ofert firmy VITRO INS Sp. z o.o. obejmuje:<\/strong><\/h4><ul><li><span style=\"font-size: 15px;\"><a href=\"https:\/\/vitrolins.com\/systemy-fasad-elementowych\/\">fasady elementowe<\/a>,<\/span><\/li><li><a href=\"https:\/\/vitrolins.com\/systemy-fasad-wentylowanych\/\">fasady wentylowane<\/a>,<\/li><li><a href=\"https:\/\/vitrolins.com\/systemy-fasad-strukturalnych\/\">fasady strukturalne<\/a>,<\/li><li><a href=\"https:\/\/vitrolins.com\/system-fasad-slupowo-ryglowych\/\">fasady s\u0142upowo-ryglowe<\/a>.<\/li><\/ul><p>Dzi\u0119ki temu, \u017ce szk\u0142o jest materia\u0142em, kt\u00f3ry charakteryzuje si\u0119 wysokimi walorami estetycznymi oraz takimi aspektami funkcjonalnymi jak wytrzyma\u0142o\u015b\u0107, niezawodno\u015b\u0107, bezpiecze\u0144stwo, os\u0142ona przeciws\u0142oneczna, izolacja termiczna i akustyczna, szklane elewacje ciesz\u0105 si\u0119 coraz wi\u0119ksz\u0105 popularno\u015bci\u0105 w\u015br\u00f3d klient\u00f3w instytucjonalnych i prywatnych.<\/p><p>Firma <strong>VITRO INS Sp. z o.o.<\/strong> gwarantuje najwy\u017csz\u0105 jako\u015b\u0107 us\u0142ug. Zapraszamy do zapoznania si\u0119 z nasz\u0105 bogat\u0105 ofert\u0105.<\/p><p>[\/et_pb_text][\/et_pb_column][et_pb_column type=\"2_5\" _builder_version=\"4.3.2\"][et_pb_image src=\"https:\/\/vitrolins.com\/wp-content\/uploads\/2020\/02\/fasady-aluminowe-1.jpg\" _builder_version=\"4.3.2\" hover_enabled=\"0\"][\/et_pb_image][\/et_pb_column][\/et_pb_row][\/et_pb_section][et_pb_section fb_built=\"1\" prev_background_color=\"#ffffff\" _builder_version=\"4.3.2\" use_background_color_gradient=\"on\" background_color_gradient_start=\"rgba(10,1,1,0.53)\" background_color_gradient_end=\"rgba(10,1,1,0.53)\" background_color_gradient_overlays_image=\"on\" background_image=\"https:\/\/vitrolins.com\/wp-content\/uploads\/2020\/02\/dol-www.jpg\" custom_padding=\"127px||120px|||\" top_divider_style=\"arrow2\" top_divider_repeat=\"0x\" top_divider_flip=\"vertical\" global_module=\"145\" saved_tabs=\"all\"][et_pb_row _builder_version=\"4.3.2\"][et_pb_column type=\"4_4\" _builder_version=\"4.3.2\"][et_pb_text _builder_version=\"4.3.2\" text_orientation=\"center\" background_layout=\"dark\"]<\/p><h3>Zapraszamy do kontaktu<\/h3><p>Nasz zesp\u00f3\u0142 s\u0142u\u017cy Pa\u0144stwu pomoc\u0105.\u00a0W przypadku pyta\u0144 serdecznie zapraszamy do kontaktu telefonicznego oraz e-mailowego.<\/p><p>[\/et_pb_text][et_pb_button button_url=\"https:\/\/vitrolins.com\/kontakt\/\" button_text=\"Dane kontaktowe\" button_alignment=\"center\" _builder_version=\"4.3.2\"][\/et_pb_button][\/et_pb_column][\/et_pb_row][\/et_pb_section]<\/p>","_et_gb_content_width":"","footnotes":""},"class_list":["post-287","page","type-page","status-publish","hentry"],"yoast_head":"<!-- This site is optimized with the Yoast SEO plugin v24.9 - https:\/\/yoast.com\/wordpress\/plugins\/seo\/ -->\n<title>Facade systems - VITRO INS - facade systems, glass canopies, glass walls<\/title>\n<meta name=\"robots\" content=\"index, follow, max-snippet:-1, max-image-preview:large, max-video-preview:-1\" \/>\n<link rel=\"canonical\" href=\"https:\/\/vitrolins.com\/en\/facade-systems\/\" \/>\n<meta property=\"og:locale\" content=\"en_US\" \/>\n<meta property=\"og:type\" content=\"article\" \/>\n<meta property=\"og:title\" content=\"Facade systems - VITRO INS - facade systems, glass canopies, glass walls\" \/>\n<meta property=\"og:description\" content=\"Building facades fulfil both practical and representative tasks. The quest for better transparency, natural lighting and aesthetics has led to the development of new solutions for glass facade systems in recent decades. The design and execution of a glass facade requires great care and precision. Factors such as user comfort, climatic conditions, energy gain and [&hellip;]\" \/>\n<meta property=\"og:url\" content=\"https:\/\/vitrolins.com\/en\/facade-systems\/\" \/>\n<meta property=\"og:site_name\" content=\"VITRO INS - facade systems, glass canopies, glass walls\" \/>\n<meta property=\"article:modified_time\" content=\"2020-04-27T09:21:23+00:00\" \/>\n<meta name=\"twitter:card\" content=\"summary_large_image\" \/>\n<meta name=\"twitter:label1\" content=\"Est. reading time\" \/>\n\t<meta name=\"twitter:data1\" content=\"2 minutes\" \/>\n<script type=\"application\/ld+json\" class=\"yoast-schema-graph\">{\"@context\":\"https:\/\/schema.org\",\"@graph\":[{\"@type\":\"WebPage\",\"@id\":\"https:\/\/vitrolins.com\/en\/facade-systems\/\",\"url\":\"https:\/\/vitrolins.com\/en\/facade-systems\/\",\"name\":\"Facade systems - VITRO INS - facade systems, glass canopies, glass walls\",\"isPartOf\":{\"@id\":\"https:\/\/vitrolins.com\/#website\"},\"datePublished\":\"2020-03-25T07:31:24+00:00\",\"dateModified\":\"2020-04-27T09:21:23+00:00\",\"breadcrumb\":{\"@id\":\"https:\/\/vitrolins.com\/en\/facade-systems\/#breadcrumb\"},\"inLanguage\":\"en-US\",\"potentialAction\":[{\"@type\":\"ReadAction\",\"target\":[\"https:\/\/vitrolins.com\/en\/facade-systems\/\"]}]},{\"@type\":\"BreadcrumbList\",\"@id\":\"https:\/\/vitrolins.com\/en\/facade-systems\/#breadcrumb\",\"itemListElement\":[{\"@type\":\"ListItem\",\"position\":1,\"name\":\"Strona g\u0142\u00f3wna\",\"item\":\"https:\/\/vitrolins.com\/en\/\"},{\"@type\":\"ListItem\",\"position\":2,\"name\":\"Facade systems\"}]},{\"@type\":\"WebSite\",\"@id\":\"https:\/\/vitrolins.com\/#website\",\"url\":\"https:\/\/vitrolins.com\/\",\"name\":\"VITRO INS - facade systems, glass canopies, glass walls\",\"description\":\"\",\"potentialAction\":[{\"@type\":\"SearchAction\",\"target\":{\"@type\":\"EntryPoint\",\"urlTemplate\":\"https:\/\/vitrolins.com\/?s={search_term_string}\"},\"query-input\":{\"@type\":\"PropertyValueSpecification\",\"valueRequired\":true,\"valueName\":\"search_term_string\"}}],\"inLanguage\":\"en-US\"}]}<\/script>\n<!-- \/ Yoast SEO plugin. -->","yoast_head_json":{"title":"Facade systems - VITRO INS - facade systems, glass canopies, glass walls","robots":{"index":"index","follow":"follow","max-snippet":"max-snippet:-1","max-image-preview":"max-image-preview:large","max-video-preview":"max-video-preview:-1"},"canonical":"https:\/\/vitrolins.com\/en\/facade-systems\/","og_locale":"en_US","og_type":"article","og_title":"Facade systems - VITRO INS - facade systems, glass canopies, glass walls","og_description":"Building facades fulfil both practical and representative tasks. The quest for better transparency, natural lighting and aesthetics has led to the development of new solutions for glass facade systems in recent decades. The design and execution of a glass facade requires great care and precision. Factors such as user comfort, climatic conditions, energy gain and [&hellip;]","og_url":"https:\/\/vitrolins.com\/en\/facade-systems\/","og_site_name":"VITRO INS - facade systems, glass canopies, glass walls","article_modified_time":"2020-04-27T09:21:23+00:00","twitter_card":"summary_large_image","twitter_misc":{"Est. reading time":"2 minutes"},"schema":{"@context":"https:\/\/schema.org","@graph":[{"@type":"WebPage","@id":"https:\/\/vitrolins.com\/en\/facade-systems\/","url":"https:\/\/vitrolins.com\/en\/facade-systems\/","name":"Facade systems - VITRO INS - facade systems, glass canopies, glass walls","isPartOf":{"@id":"https:\/\/vitrolins.com\/#website"},"datePublished":"2020-03-25T07:31:24+00:00","dateModified":"2020-04-27T09:21:23+00:00","breadcrumb":{"@id":"https:\/\/vitrolins.com\/en\/facade-systems\/#breadcrumb"},"inLanguage":"en-US","potentialAction":[{"@type":"ReadAction","target":["https:\/\/vitrolins.com\/en\/facade-systems\/"]}]},{"@type":"BreadcrumbList","@id":"https:\/\/vitrolins.com\/en\/facade-systems\/#breadcrumb","itemListElement":[{"@type":"ListItem","position":1,"name":"Strona g\u0142\u00f3wna","item":"https:\/\/vitrolins.com\/en\/"},{"@type":"ListItem","position":2,"name":"Facade systems"}]},{"@type":"WebSite","@id":"https:\/\/vitrolins.com\/#website","url":"https:\/\/vitrolins.com\/","name":"VITRO INS - facade systems, glass canopies, glass walls","description":"","potentialAction":[{"@type":"SearchAction","target":{"@type":"EntryPoint","urlTemplate":"https:\/\/vitrolins.com\/?s={search_term_string}"},"query-input":{"@type":"PropertyValueSpecification","valueRequired":true,"valueName":"search_term_string"}}],"inLanguage":"en-US"}]}},"_links":{"self":[{"href":"https:\/\/vitrolins.com\/en\/wp-json\/wp\/v2\/pages\/287","targetHints":{"allow":["GET"]}}],"collection":[{"href":"https:\/\/vitrolins.com\/en\/wp-json\/wp\/v2\/pages"}],"about":[{"href":"https:\/\/vitrolins.com\/en\/wp-json\/wp\/v2\/types\/page"}],"author":[{"embeddable":true,"href":"https:\/\/vitrolins.com\/en\/wp-json\/wp\/v2\/users\/1"}],"replies":[{"embeddable":true,"href":"https:\/\/vitrolins.com\/en\/wp-json\/wp\/v2\/comments?post=287"}],"version-history":[{"count":8,"href":"https:\/\/vitrolins.com\/en\/wp-json\/wp\/v2\/pages\/287\/revisions"}],"predecessor-version":[{"id":652,"href":"https:\/\/vitrolins.com\/en\/wp-json\/wp\/v2\/pages\/287\/revisions\/652"}],"wp:attachment":[{"href":"https:\/\/vitrolins.com\/en\/wp-json\/wp\/v2\/media?parent=287"}],"curies":[{"name":"wp","href":"https:\/\/api.w.org\/{rel}","templated":true}]}}