{"id":289,"date":"2020-03-25T08:26:58","date_gmt":"2020-03-25T07:26:58","guid":{"rendered":"https:\/\/vitrolins.com\/?page_id=289"},"modified":"2020-04-27T11:22:25","modified_gmt":"2020-04-27T09:22:25","slug":"glass-walls","status":"publish","type":"page","link":"https:\/\/vitrolins.com\/en\/glass-walls\/","title":{"rendered":"Glass walls"},"content":{"rendered":"<p>[et_pb_section fb_built=&#8221;1&#8243; next_background_color=&#8221;#ffffff&#8221; _builder_version=&#8221;4.4.2&#8243; use_background_color_gradient=&#8221;on&#8221; background_color_gradient_start=&#8221;rgba(0,153,153,0.64)&#8221; background_color_gradient_end=&#8221;rgba(0,153,153,0.64)&#8221; background_color_gradient_overlays_image=&#8221;on&#8221; background_image=&#8221;https:\/\/vitrolins.com\/wp-content\/uploads\/2020\/02\/1.jpg&#8221; custom_padding=&#8221;84px||85px|||&#8221; bottom_divider_style=&#8221;arrow2&#8243; hover_enabled=&#8221;0&#8243; null=&#8221;rgba(4,120,11,0.37)&#8221;][et_pb_row _builder_version=&#8221;4.3.2&#8243;][et_pb_column type=&#8221;4_4&#8243; _builder_version=&#8221;4.3.2&#8243;][et_pb_post_title meta=&#8221;off&#8221; featured_image=&#8221;off&#8221; text_color=&#8221;light&#8221; _builder_version=&#8221;4.3.2&#8243; title_font_size=&#8221;62px&#8221; text_orientation=&#8221;center&#8221; title_font_size_tablet=&#8221;50px&#8221; title_font_size_phone=&#8221;25px&#8221; title_font_size_last_edited=&#8221;on|desktop&#8221;][\/et_pb_post_title][\/et_pb_column][\/et_pb_row][\/et_pb_section][et_pb_section fb_built=&#8221;1&#8243; _builder_version=&#8221;4.3.2&#8243;][et_pb_row column_structure=&#8221;3_5,2_5&#8243; use_custom_gutter=&#8221;on&#8221; gutter_width=&#8221;2&#8243; _builder_version=&#8221;4.3.2&#8243;][et_pb_column type=&#8221;3_5&#8243; _builder_version=&#8221;4.3.2&#8243;][et_pb_text _builder_version=&#8221;4.3.2&#8243;]We will make for you glass walls in any form and size. Modern glazing inside the buildings provides users with natural light, pleasant atmosphere and comfort.<\/p>\n<p>Walls made of glass create the necessary distance in private or office space, without limiting the room size. Lightweight and robust glass walls easily divide surfaces and add prestige to any interior. In addition, they will help create a modern and open working atmosphere.[\/et_pb_text][\/et_pb_column][et_pb_column type=&#8221;2_5&#8243; _builder_version=&#8221;4.3.2&#8243;][et_pb_image src=&#8221;https:\/\/vitrolins.com\/wp-content\/uploads\/2020\/03\/witryny-szklane.jpg&#8221; _builder_version=&#8221;4.3.2&#8243;][\/et_pb_image][\/et_pb_column][\/et_pb_row][\/et_pb_section][et_pb_section fb_built=&#8221;1&#8243; prev_background_color=&#8221;#ffffff&#8221; _builder_version=&#8221;4.3.2&#8243; use_background_color_gradient=&#8221;on&#8221; background_color_gradient_start=&#8221;rgba(10,1,1,0.53)&#8221; background_color_gradient_end=&#8221;rgba(10,1,1,0.53)&#8221; background_color_gradient_overlays_image=&#8221;on&#8221; background_image=&#8221;https:\/\/vitrolins.com\/wp-content\/uploads\/2020\/02\/dol-www.jpg&#8221; custom_padding=&#8221;127px||120px|||&#8221; top_divider_style=&#8221;arrow2&#8243; top_divider_repeat=&#8221;0x&#8221; top_divider_flip=&#8221;vertical&#8221; saved_tabs=&#8221;all&#8221;][et_pb_row _builder_version=&#8221;4.3.2&#8243;][et_pb_column type=&#8221;4_4&#8243; _builder_version=&#8221;4.3.2&#8243;][et_pb_text _builder_version=&#8221;4.4.2&#8243; text_orientation=&#8221;center&#8221; background_layout=&#8221;dark&#8221;]<\/p>\n<h3>Contact us<\/h3>\n<p>Our team will help you. If you have questions, please contact us by phone or e-mail.<\/p>\n<p>[\/et_pb_text][et_pb_button button_url=&#8221;https:\/\/vitrolins.com\/en\/contact\/&#8221; button_text=&#8221;Contact details&#8221; button_alignment=&#8221;center&#8221; _builder_version=&#8221;4.4.2&#8243;][\/et_pb_button][\/et_pb_column][\/et_pb_row][\/et_pb_section]<\/p>\n","protected":false},"excerpt":{"rendered":"<p>We will make for you glass walls in any form and size. Modern glazing inside the buildings provides users with natural light, pleasant atmosphere and comfort. Walls made of glass create the necessary distance in private or office space, without limiting the room size. Lightweight and robust glass walls easily divide surfaces and add prestige [&hellip;]<\/p>\n","protected":false},"author":1,"featured_media":0,"parent":0,"menu_order":0,"comment_status":"closed","ping_status":"closed","template":"","meta":{"_et_pb_use_builder":"on","_et_pb_old_content":"<p>[et_pb_section fb_built=\"1\" next_background_color=\"#ffffff\" _builder_version=\"4.3.2\" use_background_color_gradient=\"on\" background_color_gradient_start=\"rgba(4,120,11,0.37)\" background_color_gradient_end=\"rgba(4,120,11,0.37)\" background_color_gradient_overlays_image=\"on\" background_image=\"https:\/\/vitrolins.com\/wp-content\/uploads\/2020\/02\/1.jpg\" custom_padding=\"84px||85px|||\" bottom_divider_style=\"arrow2\" global_module=\"149\"][et_pb_row _builder_version=\"4.3.2\"][et_pb_column type=\"4_4\" _builder_version=\"4.3.2\"][et_pb_post_title meta=\"off\" featured_image=\"off\" text_color=\"light\" _builder_version=\"4.3.2\" title_font_size=\"62px\" text_orientation=\"center\" title_font_size_tablet=\"50px\" title_font_size_phone=\"25px\" title_font_size_last_edited=\"on|desktop\"][\/et_pb_post_title][\/et_pb_column][\/et_pb_row][\/et_pb_section][et_pb_section fb_built=\"1\" _builder_version=\"4.3.2\"][et_pb_row column_structure=\"3_5,2_5\" use_custom_gutter=\"on\" gutter_width=\"2\" _builder_version=\"4.3.2\"][et_pb_column type=\"3_5\" _builder_version=\"4.3.2\"][et_pb_text _builder_version=\"4.3.2\"]<\/p><p>Wykonamy dla Pa\u0144stwa witryny ze szk\u0142a w ka\u017cdej formie i w ka\u017cdym rozmiarze. Nowoczesne przeszklenia wewn\u0105trz budynk\u00f3w zapewniaj\u0105 u\u017cytkownikom naturalne o\u015bwietlenie, przyjemn\u0105 atmosfer\u0119 i komfort.<\/p><p>\u015aciany ze szk\u0142a tworz\u0105 niezb\u0119dny dystans w prywatnej lub biurowej przestrzeni, bez ograniczania wielko\u015bci pomieszczenia. Lekkie i solidne witryny ze szk\u0142a \u0142atwo podziel\u0105 powierzchnie i dodadz\u0105 presti\u017cu ka\u017cdemu wn\u0119trzu. Ponadto u\u0142atwi\u0105 stworzenie nowoczesnej i otwartej atmosfery pracy.<\/p><p>[\/et_pb_text][\/et_pb_column][et_pb_column type=\"2_5\" _builder_version=\"4.3.2\"][et_pb_image src=\"https:\/\/vitrolins.com\/wp-content\/uploads\/2020\/03\/witryny-szklane.jpg\" _builder_version=\"4.3.2\" hover_enabled=\"0\"][\/et_pb_image][\/et_pb_column][\/et_pb_row][\/et_pb_section][et_pb_section fb_built=\"1\" prev_background_color=\"#ffffff\" _builder_version=\"4.3.2\" use_background_color_gradient=\"on\" background_color_gradient_start=\"rgba(10,1,1,0.53)\" background_color_gradient_end=\"rgba(10,1,1,0.53)\" background_color_gradient_overlays_image=\"on\" background_image=\"https:\/\/vitrolins.com\/wp-content\/uploads\/2020\/02\/dol-www.jpg\" custom_padding=\"127px||120px|||\" top_divider_style=\"arrow2\" top_divider_repeat=\"0x\" top_divider_flip=\"vertical\" global_module=\"145\" saved_tabs=\"all\"][et_pb_row _builder_version=\"4.3.2\"][et_pb_column type=\"4_4\" _builder_version=\"4.3.2\"][et_pb_text _builder_version=\"4.3.2\" text_orientation=\"center\" background_layout=\"dark\"]<\/p><h3>Zapraszamy do kontaktu<\/h3><p>Nasz zesp\u00f3\u0142 s\u0142u\u017cy Pa\u0144stwu pomoc\u0105.\u00a0W przypadku pyta\u0144 serdecznie zapraszamy do kontaktu telefonicznego oraz e-mailowego.<\/p><p>[\/et_pb_text][et_pb_button button_url=\"https:\/\/vitrolins.com\/kontakt\/\" button_text=\"Dane kontaktowe\" button_alignment=\"center\" _builder_version=\"4.3.2\"][\/et_pb_button][\/et_pb_column][\/et_pb_row][\/et_pb_section]<\/p>","_et_gb_content_width":"","footnotes":""},"class_list":["post-289","page","type-page","status-publish","hentry"],"yoast_head":"<!-- This site is optimized with the Yoast SEO plugin v24.9 - https:\/\/yoast.com\/wordpress\/plugins\/seo\/ -->\n<title>Glass walls - VITRO INS - facade systems, glass canopies, glass walls<\/title>\n<meta name=\"robots\" content=\"index, follow, max-snippet:-1, max-image-preview:large, max-video-preview:-1\" \/>\n<link rel=\"canonical\" href=\"https:\/\/vitrolins.com\/en\/glass-walls\/\" \/>\n<meta property=\"og:locale\" content=\"en_US\" \/>\n<meta property=\"og:type\" content=\"article\" \/>\n<meta property=\"og:title\" content=\"Glass walls - VITRO INS - facade systems, glass canopies, glass walls\" \/>\n<meta property=\"og:description\" content=\"We will make for you glass walls in any form and size. Modern glazing inside the buildings provides users with natural light, pleasant atmosphere and comfort. Walls made of glass create the necessary distance in private or office space, without limiting the room size. Lightweight and robust glass walls easily divide surfaces and add prestige [&hellip;]\" \/>\n<meta property=\"og:url\" content=\"https:\/\/vitrolins.com\/en\/glass-walls\/\" \/>\n<meta property=\"og:site_name\" content=\"VITRO INS - facade systems, glass canopies, glass walls\" \/>\n<meta property=\"article:modified_time\" content=\"2020-04-27T09:22:25+00:00\" \/>\n<meta name=\"twitter:card\" content=\"summary_large_image\" \/>\n<meta name=\"twitter:label1\" content=\"Est. reading time\" \/>\n\t<meta name=\"twitter:data1\" content=\"2 minutes\" \/>\n<script type=\"application\/ld+json\" class=\"yoast-schema-graph\">{\"@context\":\"https:\/\/schema.org\",\"@graph\":[{\"@type\":\"WebPage\",\"@id\":\"https:\/\/vitrolins.com\/en\/glass-walls\/\",\"url\":\"https:\/\/vitrolins.com\/en\/glass-walls\/\",\"name\":\"Glass walls - VITRO INS - facade systems, glass canopies, glass walls\",\"isPartOf\":{\"@id\":\"https:\/\/vitrolins.com\/#website\"},\"datePublished\":\"2020-03-25T07:26:58+00:00\",\"dateModified\":\"2020-04-27T09:22:25+00:00\",\"breadcrumb\":{\"@id\":\"https:\/\/vitrolins.com\/en\/glass-walls\/#breadcrumb\"},\"inLanguage\":\"en-US\",\"potentialAction\":[{\"@type\":\"ReadAction\",\"target\":[\"https:\/\/vitrolins.com\/en\/glass-walls\/\"]}]},{\"@type\":\"BreadcrumbList\",\"@id\":\"https:\/\/vitrolins.com\/en\/glass-walls\/#breadcrumb\",\"itemListElement\":[{\"@type\":\"ListItem\",\"position\":1,\"name\":\"Strona g\u0142\u00f3wna\",\"item\":\"https:\/\/vitrolins.com\/en\/\"},{\"@type\":\"ListItem\",\"position\":2,\"name\":\"Glass walls\"}]},{\"@type\":\"WebSite\",\"@id\":\"https:\/\/vitrolins.com\/#website\",\"url\":\"https:\/\/vitrolins.com\/\",\"name\":\"VITRO INS - facade systems, glass canopies, glass walls\",\"description\":\"\",\"potentialAction\":[{\"@type\":\"SearchAction\",\"target\":{\"@type\":\"EntryPoint\",\"urlTemplate\":\"https:\/\/vitrolins.com\/?s={search_term_string}\"},\"query-input\":{\"@type\":\"PropertyValueSpecification\",\"valueRequired\":true,\"valueName\":\"search_term_string\"}}],\"inLanguage\":\"en-US\"}]}<\/script>\n<!-- \/ Yoast SEO plugin. -->","yoast_head_json":{"title":"Glass walls - VITRO INS - facade systems, glass canopies, glass walls","robots":{"index":"index","follow":"follow","max-snippet":"max-snippet:-1","max-image-preview":"max-image-preview:large","max-video-preview":"max-video-preview:-1"},"canonical":"https:\/\/vitrolins.com\/en\/glass-walls\/","og_locale":"en_US","og_type":"article","og_title":"Glass walls - VITRO INS - facade systems, glass canopies, glass walls","og_description":"We will make for you glass walls in any form and size. Modern glazing inside the buildings provides users with natural light, pleasant atmosphere and comfort. Walls made of glass create the necessary distance in private or office space, without limiting the room size. Lightweight and robust glass walls easily divide surfaces and add prestige [&hellip;]","og_url":"https:\/\/vitrolins.com\/en\/glass-walls\/","og_site_name":"VITRO INS - facade systems, glass canopies, glass walls","article_modified_time":"2020-04-27T09:22:25+00:00","twitter_card":"summary_large_image","twitter_misc":{"Est. reading time":"2 minutes"},"schema":{"@context":"https:\/\/schema.org","@graph":[{"@type":"WebPage","@id":"https:\/\/vitrolins.com\/en\/glass-walls\/","url":"https:\/\/vitrolins.com\/en\/glass-walls\/","name":"Glass walls - VITRO INS - facade systems, glass canopies, glass walls","isPartOf":{"@id":"https:\/\/vitrolins.com\/#website"},"datePublished":"2020-03-25T07:26:58+00:00","dateModified":"2020-04-27T09:22:25+00:00","breadcrumb":{"@id":"https:\/\/vitrolins.com\/en\/glass-walls\/#breadcrumb"},"inLanguage":"en-US","potentialAction":[{"@type":"ReadAction","target":["https:\/\/vitrolins.com\/en\/glass-walls\/"]}]},{"@type":"BreadcrumbList","@id":"https:\/\/vitrolins.com\/en\/glass-walls\/#breadcrumb","itemListElement":[{"@type":"ListItem","position":1,"name":"Strona g\u0142\u00f3wna","item":"https:\/\/vitrolins.com\/en\/"},{"@type":"ListItem","position":2,"name":"Glass walls"}]},{"@type":"WebSite","@id":"https:\/\/vitrolins.com\/#website","url":"https:\/\/vitrolins.com\/","name":"VITRO INS - facade systems, glass canopies, glass walls","description":"","potentialAction":[{"@type":"SearchAction","target":{"@type":"EntryPoint","urlTemplate":"https:\/\/vitrolins.com\/?s={search_term_string}"},"query-input":{"@type":"PropertyValueSpecification","valueRequired":true,"valueName":"search_term_string"}}],"inLanguage":"en-US"}]}},"_links":{"self":[{"href":"https:\/\/vitrolins.com\/en\/wp-json\/wp\/v2\/pages\/289","targetHints":{"allow":["GET"]}}],"collection":[{"href":"https:\/\/vitrolins.com\/en\/wp-json\/wp\/v2\/pages"}],"about":[{"href":"https:\/\/vitrolins.com\/en\/wp-json\/wp\/v2\/types\/page"}],"author":[{"embeddable":true,"href":"https:\/\/vitrolins.com\/en\/wp-json\/wp\/v2\/users\/1"}],"replies":[{"embeddable":true,"href":"https:\/\/vitrolins.com\/en\/wp-json\/wp\/v2\/comments?post=289"}],"version-history":[{"count":7,"href":"https:\/\/vitrolins.com\/en\/wp-json\/wp\/v2\/pages\/289\/revisions"}],"predecessor-version":[{"id":655,"href":"https:\/\/vitrolins.com\/en\/wp-json\/wp\/v2\/pages\/289\/revisions\/655"}],"wp:attachment":[{"href":"https:\/\/vitrolins.com\/en\/wp-json\/wp\/v2\/media?parent=289"}],"curies":[{"name":"wp","href":"https:\/\/api.w.org\/{rel}","templated":true}]}}